{"id":8415,"date":"2023-06-24T19:21:09","date_gmt":"2023-06-24T17:21:09","guid":{"rendered":"https:\/\/marcoair.sk\/?page_id=8415"},"modified":"2023-09-30T16:31:52","modified_gmt":"2023-09-30T14:31:52","slug":"prepojenia","status":"publish","type":"page","link":"https:\/\/marcoair.sk\/ka\/prepojenia\/","title":{"rendered":"Prepojenia"},"content":{"rendered":"\t\t<div data-elementor-type=\"wp-page\" data-elementor-id=\"8415\" class=\"elementor elementor-8415\" data-elementor-post-type=\"page\">\n\t\t\t\t\t\t<section class=\"elementor-section elementor-top-section elementor-element elementor-element-da13fd9 elementor-section-boxed elementor-section-height-default elementor-section-height-default\" data-id=\"da13fd9\" data-element_type=\"section\">\r\n\t\t\r\n\t\t\t\t\t\t\t<div class=\"elementor-container elementor-column-gap-default\">\r\n\t\t\t\t\t\t\t\t\t\t\t<div class=\"elementor-column elementor-col-100 elementor-top-column elementor-element elementor-element-9b00617\" data-id=\"9b00617\" data-element_type=\"column\">\r\n\t\t\t\t\t<div class=\"elementor-widget-wrap elementor-element-populated\">\r\n\t\t\t\t\t\t\t\t<div class=\"elementor-element elementor-element-f1f90dd elementor-widget elementor-widget-text-editor\" data-id=\"f1f90dd\" data-element_type=\"widget\" data-widget_type=\"text-editor.default\">\n\t\t\t\t<div class=\"elementor-widget-container\">\n\t\t\t\t\t\t\t\t\t<p>M\u00e1me rados\u0165 z toho, \u017ee sme V\u00e1m mohli poskytn\u00fa\u0165 skvel\u00e9 slu\u017eby. Ak ste boli spokojn\u00ed, pr\u00edpadne m\u00e1te nejak\u00e9 pripomienky a m\u00e1te chv\u00ed\u013eu \u010dasu, ve\u013emi si v\u00e1\u017eime va\u0161u podporu v podobe recenzi\u00ed na nasleduj\u00facich platform\u00e1ch:<\/p><p><a href=\"https:\/\/g.page\/r\/Cf4rzq4fGanmEAI\/review\" target=\"_blank\" rel=\"noopener\">Google recenzia<\/a><\/p><p><a href=\"https:\/\/www.facebook.com\/flymarcoair\/\">Facebook recenzia<\/a><\/p><p>M\u00f4\u017eete n\u00e1s tie\u017e sledova\u0165 na Instagrame <a href=\"http:\/\/instagram.com\/flymarcoair\/\">@flyMarcoAir<\/a> kde n\u00e1jdete na\u0161e fotografie a vide\u00e1.<\/p><p>Va\u0161e recenzie s\u00fa d\u00f4le\u017eit\u00e9 pre na\u0161u in\u0161pir\u00e1ciu a motivuj\u00fa n\u00e1s.<\/p><p>\u010eakujeme!<\/p><p>Marco Air<\/p>\t\t\t\t\t\t\t\t<\/div>\n\t\t\t\t<\/div>\n\t\t\t\t\t<\/div>\r\n\t\t\t\t<\/div>\r\n\t\t\t\t\t<\/div>\r\n\t\t\t\t<\/section>\r\n\t\t\t\t<\/div>\n\t\t","protected":false},"excerpt":{"rendered":"<p>M\u00e1me rados\u0165 z toho, \u017ee sme V\u00e1m mohli poskytn\u00fa\u0165 skvel\u00e9 slu\u017eby. Ak ste boli spokojn\u00ed, pr\u00edpadne m\u00e1te nejak\u00e9 pripomienky a m\u00e1te chv\u00ed\u013eu \u010dasu, ve\u013emi si v\u00e1\u017eime va\u0161u podporu v podobe recenzi\u00ed na nasleduj\u00facich platform\u00e1ch: Google recenzia Facebook recenzia M\u00f4\u017eete n\u00e1s tie\u017e sledova\u0165 na Instagrame @flyMarcoAir kde n\u00e1jdete na\u0161e fotografie a vide\u00e1. Va\u0161e recenzie s\u00fa d\u00f4le\u017eit\u00e9 [&hellip;]<\/p>\n","protected":false},"author":1,"featured_media":0,"parent":0,"menu_order":0,"comment_status":"closed","ping_status":"closed","template":"","meta":{"_bbp_topic_count":0,"_bbp_reply_count":0,"_bbp_total_topic_count":0,"_bbp_total_reply_count":0,"_bbp_voice_count":0,"_bbp_anonymous_reply_count":0,"_bbp_topic_count_hidden":0,"_bbp_reply_count_hidden":0,"_bbp_forum_subforum_count":0,"footnotes":""},"class_list":["post-8415","page","type-page","status-publish","hentry"],"yoast_head":"<!-- This site is optimized with the Yoast SEO plugin v24.7 - https:\/\/yoast.com\/wordpress\/plugins\/seo\/ -->\n<title>Prepojenia - Marco Air<\/title>\n<meta name=\"robots\" content=\"index, follow, max-snippet:-1, max-image-preview:large, max-video-preview:-1\" \/>\n<link rel=\"canonical\" href=\"https:\/\/marcoair.sk\/prepojenia\/\" \/>\n<meta property=\"og:locale\" content=\"ka_GE\" \/>\n<meta property=\"og:type\" content=\"article\" \/>\n<meta property=\"og:title\" content=\"Prepojenia - Marco Air\" \/>\n<meta property=\"og:description\" content=\"M\u00e1me rados\u0165 z toho, \u017ee sme V\u00e1m mohli poskytn\u00fa\u0165 skvel\u00e9 slu\u017eby. Ak ste boli spokojn\u00ed, pr\u00edpadne m\u00e1te nejak\u00e9 pripomienky a m\u00e1te chv\u00ed\u013eu \u010dasu, ve\u013emi si v\u00e1\u017eime va\u0161u podporu v podobe recenzi\u00ed na nasleduj\u00facich platform\u00e1ch: Google recenzia Facebook recenzia M\u00f4\u017eete n\u00e1s tie\u017e sledova\u0165 na Instagrame @flyMarcoAir kde n\u00e1jdete na\u0161e fotografie a vide\u00e1. Va\u0161e recenzie s\u00fa d\u00f4le\u017eit\u00e9 [&hellip;]\" \/>\n<meta property=\"og:url\" content=\"https:\/\/marcoair.sk\/prepojenia\/\" \/>\n<meta property=\"og:site_name\" content=\"Marco Air\" \/>\n<meta property=\"article:modified_time\" content=\"2023-09-30T14:31:52+00:00\" \/>\n<meta property=\"og:image\" content=\"https:\/\/marcoair.sk\/wp-content\/uploads\/2020\/11\/vyhliadkovy-let-poprad-tatry-pilot-scaled.jpg\" \/>\n\t<meta property=\"og:image:width\" content=\"2560\" \/>\n\t<meta property=\"og:image:height\" content=\"1920\" \/>\n\t<meta property=\"og:image:type\" content=\"image\/jpeg\" \/>\n<meta name=\"twitter:card\" content=\"summary_large_image\" \/>\n<script type=\"application\/ld+json\" class=\"yoast-schema-graph\">{\"@context\":\"https:\/\/schema.org\",\"@graph\":[{\"@type\":\"WebPage\",\"@id\":\"https:\/\/marcoair.sk\/prepojenia\/\",\"url\":\"https:\/\/marcoair.sk\/prepojenia\/\",\"name\":\"Prepojenia - Marco Air\",\"isPartOf\":{\"@id\":\"https:\/\/marcoair.sk\/#website\"},\"datePublished\":\"2023-06-24T17:21:09+00:00\",\"dateModified\":\"2023-09-30T14:31:52+00:00\",\"breadcrumb\":{\"@id\":\"https:\/\/marcoair.sk\/prepojenia\/#breadcrumb\"},\"inLanguage\":\"ka-GE\",\"potentialAction\":[{\"@type\":\"ReadAction\",\"target\":[\"https:\/\/marcoair.sk\/prepojenia\/\"]}]},{\"@type\":\"BreadcrumbList\",\"@id\":\"https:\/\/marcoair.sk\/prepojenia\/#breadcrumb\",\"itemListElement\":[{\"@type\":\"ListItem\",\"position\":1,\"name\":\"Domovsk\u00e1 str\u00e1nka\",\"item\":\"https:\/\/marcoair.sk\/ka\/\"},{\"@type\":\"ListItem\",\"position\":2,\"name\":\"Prepojenia\"}]},{\"@type\":\"WebSite\",\"@id\":\"https:\/\/marcoair.sk\/#website\",\"url\":\"https:\/\/marcoair.sk\/\",\"name\":\"Marco Air\",\"description\":\"Vyhliadkov\u00e9 lety za zdie\u013ean\u00e9 n\u00e1klady\",\"publisher\":{\"@id\":\"https:\/\/marcoair.sk\/#organization\"},\"potentialAction\":[{\"@type\":\"SearchAction\",\"target\":{\"@type\":\"EntryPoint\",\"urlTemplate\":\"https:\/\/marcoair.sk\/?s={search_term_string}\"},\"query-input\":{\"@type\":\"PropertyValueSpecification\",\"valueRequired\":true,\"valueName\":\"search_term_string\"}}],\"inLanguage\":\"ka-GE\"},{\"@type\":\"Organization\",\"@id\":\"https:\/\/marcoair.sk\/#organization\",\"name\":\"Marco Air\",\"url\":\"https:\/\/marcoair.sk\/\",\"logo\":{\"@type\":\"ImageObject\",\"inLanguage\":\"ka-GE\",\"@id\":\"https:\/\/marcoair.sk\/#\/schema\/logo\/image\/\",\"url\":\"https:\/\/marcoair.sk\/wp-content\/uploads\/2023\/03\/Marco-Air-logo.png\",\"contentUrl\":\"https:\/\/marcoair.sk\/wp-content\/uploads\/2023\/03\/Marco-Air-logo.png\",\"width\":150,\"height\":79,\"caption\":\"Marco Air\"},\"image\":{\"@id\":\"https:\/\/marcoair.sk\/#\/schema\/logo\/image\/\"},\"sameAs\":[\"https:\/\/www.instagram.com\/dobrodruznelety\/\"]}]}<\/script>\n<!-- \/ Yoast SEO plugin. -->","yoast_head_json":{"title":"Prepojenia - Marco Air","robots":{"index":"index","follow":"follow","max-snippet":"max-snippet:-1","max-image-preview":"max-image-preview:large","max-video-preview":"max-video-preview:-1"},"canonical":"https:\/\/marcoair.sk\/prepojenia\/","og_locale":"ka_GE","og_type":"article","og_title":"Prepojenia - Marco Air","og_description":"M\u00e1me rados\u0165 z toho, \u017ee sme V\u00e1m mohli poskytn\u00fa\u0165 skvel\u00e9 slu\u017eby. Ak ste boli spokojn\u00ed, pr\u00edpadne m\u00e1te nejak\u00e9 pripomienky a m\u00e1te chv\u00ed\u013eu \u010dasu, ve\u013emi si v\u00e1\u017eime va\u0161u podporu v podobe recenzi\u00ed na nasleduj\u00facich platform\u00e1ch: Google recenzia Facebook recenzia M\u00f4\u017eete n\u00e1s tie\u017e sledova\u0165 na Instagrame @flyMarcoAir kde n\u00e1jdete na\u0161e fotografie a vide\u00e1. Va\u0161e recenzie s\u00fa d\u00f4le\u017eit\u00e9 [&hellip;]","og_url":"https:\/\/marcoair.sk\/prepojenia\/","og_site_name":"Marco Air","article_modified_time":"2023-09-30T14:31:52+00:00","og_image":[{"width":2560,"height":1920,"url":"https:\/\/marcoair.sk\/wp-content\/uploads\/2020\/11\/vyhliadkovy-let-poprad-tatry-pilot-scaled.jpg","type":"image\/jpeg"}],"twitter_card":"summary_large_image","schema":{"@context":"https:\/\/schema.org","@graph":[{"@type":"WebPage","@id":"https:\/\/marcoair.sk\/prepojenia\/","url":"https:\/\/marcoair.sk\/prepojenia\/","name":"Prepojenia - Marco Air","isPartOf":{"@id":"https:\/\/marcoair.sk\/#website"},"datePublished":"2023-06-24T17:21:09+00:00","dateModified":"2023-09-30T14:31:52+00:00","breadcrumb":{"@id":"https:\/\/marcoair.sk\/prepojenia\/#breadcrumb"},"inLanguage":"ka-GE","potentialAction":[{"@type":"ReadAction","target":["https:\/\/marcoair.sk\/prepojenia\/"]}]},{"@type":"BreadcrumbList","@id":"https:\/\/marcoair.sk\/prepojenia\/#breadcrumb","itemListElement":[{"@type":"ListItem","position":1,"name":"Domovsk\u00e1 str\u00e1nka","item":"https:\/\/marcoair.sk\/ka\/"},{"@type":"ListItem","position":2,"name":"Prepojenia"}]},{"@type":"WebSite","@id":"https:\/\/marcoair.sk\/#website","url":"https:\/\/marcoair.sk\/","name":"Marco Air","description":"Vyhliadkov\u00e9 lety za zdie\u013ean\u00e9 n\u00e1klady","publisher":{"@id":"https:\/\/marcoair.sk\/#organization"},"potentialAction":[{"@type":"SearchAction","target":{"@type":"EntryPoint","urlTemplate":"https:\/\/marcoair.sk\/?s={search_term_string}"},"query-input":{"@type":"PropertyValueSpecification","valueRequired":true,"valueName":"search_term_string"}}],"inLanguage":"ka-GE"},{"@type":"Organization","@id":"https:\/\/marcoair.sk\/#organization","name":"Marco Air","url":"https:\/\/marcoair.sk\/","logo":{"@type":"ImageObject","inLanguage":"ka-GE","@id":"https:\/\/marcoair.sk\/#\/schema\/logo\/image\/","url":"https:\/\/marcoair.sk\/wp-content\/uploads\/2023\/03\/Marco-Air-logo.png","contentUrl":"https:\/\/marcoair.sk\/wp-content\/uploads\/2023\/03\/Marco-Air-logo.png","width":150,"height":79,"caption":"Marco Air"},"image":{"@id":"https:\/\/marcoair.sk\/#\/schema\/logo\/image\/"},"sameAs":["https:\/\/www.instagram.com\/dobrodruznelety\/"]}]}},"_links":{"self":[{"href":"https:\/\/marcoair.sk\/ka\/wp-json\/wp\/v2\/pages\/8415","targetHints":{"allow":["GET"]}}],"collection":[{"href":"https:\/\/marcoair.sk\/ka\/wp-json\/wp\/v2\/pages"}],"about":[{"href":"https:\/\/marcoair.sk\/ka\/wp-json\/wp\/v2\/types\/page"}],"author":[{"embeddable":true,"href":"https:\/\/marcoair.sk\/ka\/wp-json\/wp\/v2\/users\/1"}],"replies":[{"embeddable":true,"href":"https:\/\/marcoair.sk\/ka\/wp-json\/wp\/v2\/comments?post=8415"}],"version-history":[{"count":32,"href":"https:\/\/marcoair.sk\/ka\/wp-json\/wp\/v2\/pages\/8415\/revisions"}],"predecessor-version":[{"id":8531,"href":"https:\/\/marcoair.sk\/ka\/wp-json\/wp\/v2\/pages\/8415\/revisions\/8531"}],"wp:attachment":[{"href":"https:\/\/marcoair.sk\/ka\/wp-json\/wp\/v2\/media?parent=8415"}],"curies":[{"name":"wp","href":"https:\/\/api.w.org\/{rel}","templated":true}]}}