{"id":7703,"date":"2023-03-23T14:44:21","date_gmt":"2023-03-23T13:44:21","guid":{"rendered":"https:\/\/marcoair.sk\/%e1%83%99%e1%83%90%e1%83%9a%e1%83%94%e1%83%9c%e1%83%93%e1%83%90%e1%83%a0%e1%83%98\/"},"modified":"2023-03-23T14:44:55","modified_gmt":"2023-03-23T13:44:55","slug":"kalendari","status":"publish","type":"page","link":"https:\/\/marcoair.sk\/ka\/kalendari\/","title":{"rendered":"\u10d9\u10d0\u10da\u10d4\u10dc\u10d3\u10d0\u10e0\u10d8"},"content":{"rendered":"\t\t<div data-elementor-type=\"wp-page\" data-elementor-id=\"7703\" class=\"elementor elementor-7703 elementor-6789\" data-elementor-post-type=\"page\">\n\t\t\t\t\t\t<section class=\"elementor-section elementor-top-section elementor-element elementor-element-4c2919c elementor-section-boxed elementor-section-height-default elementor-section-height-default\" data-id=\"4c2919c\" data-element_type=\"section\">\r\n\t\t\r\n\t\t\t\t\t\t\t<div class=\"elementor-container elementor-column-gap-default\">\r\n\t\t\t\t\t\t\t\t\t\t\t<div class=\"elementor-column elementor-col-100 elementor-top-column elementor-element elementor-element-aa75295\" data-id=\"aa75295\" data-element_type=\"column\">\r\n\t\t\t\t\t<div class=\"elementor-widget-wrap elementor-element-populated\">\r\n\t\t\t\t\t\t\t\t<div class=\"elementor-element elementor-element-49c7cae elementor-widget elementor-widget-text-editor\" data-id=\"49c7cae\" data-element_type=\"widget\" data-widget_type=\"text-editor.default\">\n\t\t\t\t<div class=\"elementor-widget-container\">\n\t\t\t\t\t\t\t\t\t<p>aktu\u00e1lne po\u010dasie a web kamera:\u00a0\u00b7 <a href=\"http:\/\/funsat.sk\/meteo\/\" target=\"_blank\" rel=\"noopener\">meteo stanica Poprad Slavkov<\/a> | \u00b7 <a href=\"https:\/\/www.windy.com\/sk\/-Webov\u00e9-kamery\/Slovensko\/Pre\u0161ovsk\u00fd-kraj\/okres-Poprad\/Poprad-Tatry-Airport-Pre\u0161ovsk\u00fd\/webcams\/1520067734?clouds,49.131,19.972,10\" target=\"_blank\" rel=\"noopener\">letisko Poprad &#8211; Tatry<\/a><\/p>\n<p>predpove\u010f po\u010dasia: \u00b7 <a href=\"https:\/\/www.shmu.sk\/sk\/?page=1&amp;id=meteo_predpoved_sk&amp;ii=11934\" target=\"_blank\" rel=\"noopener\">SHM\u00da<\/a><\/p>\n\t\t\t\t\t\t\t\t<\/div>\n\t\t\t\t<\/div>\n\t\t\t\t\t<\/div>\r\n\t\t\t\t<\/div>\r\n\t\t\t\t\t<\/div>\r\n\t\t\t\t<\/section>\r\n\t\t\t\t<section class=\"elementor-section elementor-top-section elementor-element elementor-element-1606bcd elementor-section-boxed elementor-section-height-default elementor-section-height-default\" data-id=\"1606bcd\" data-element_type=\"section\">\r\n\t\t\r\n\t\t\t\t\t\t\t<div class=\"elementor-container elementor-column-gap-default\">\r\n\t\t\t\t\t\t\t\t\t\t\t<div class=\"elementor-column elementor-col-100 elementor-top-column elementor-element elementor-element-6032ae9\" data-id=\"6032ae9\" data-element_type=\"column\">\r\n\t\t\t\t\t<div class=\"elementor-widget-wrap elementor-element-populated\">\r\n\t\t\t\t\t\t\t\t<div class=\"elementor-element elementor-element-3902c69 elementor-widget elementor-widget-text-editor\" data-id=\"3902c69\" data-element_type=\"widget\" data-widget_type=\"text-editor.default\">\n\t\t\t\t<div class=\"elementor-widget-container\">\n\t\t\t\t\t\t\t\t\t<p><script type=\"text\/javascript\" src=\"https:\/\/bookio-services-eu.s3.eu-central-1.amazonaws.com\/assets\/widget.bookio.js\"><\/script> <iframe id=\"bookio-iframe\" src=\"https:\/\/services.bookio.com\/dobrodruzne-lety\/widget?lang=sk&#038;hiddenHeader=true\" width=\"100%\" height=\"3000px\" scrolling=\"no\"><\/iframe><\/p>\n\t\t\t\t\t\t\t\t<\/div>\n\t\t\t\t<\/div>\n\t\t\t\t\t<\/div>\r\n\t\t\t\t<\/div>\r\n\t\t\t\t\t<\/div>\r\n\t\t\t\t<\/section>\r\n\t\t\t\t<section class=\"elementor-section elementor-top-section elementor-element elementor-element-93edab8 elementor-section-boxed elementor-section-height-default elementor-section-height-default\" data-id=\"93edab8\" data-element_type=\"section\">\r\n\t\t\r\n\t\t\t\t\t\t\t<div class=\"elementor-container elementor-column-gap-default\">\r\n\t\t\t\t\t\t\t\t\t\t\t<div class=\"elementor-column elementor-col-100 elementor-top-column elementor-element elementor-element-5c5252a\" data-id=\"5c5252a\" data-element_type=\"column\">\r\n\t\t\t\t\t<div class=\"elementor-widget-wrap elementor-element-populated\">\r\n\t\t\t\t\t\t\t\t\t<\/div>\r\n\t\t\t\t<\/div>\r\n\t\t\t\t\t<\/div>\r\n\t\t\t\t<\/section>\r\n\t\t\t\t<\/div>\n\t\t","protected":false},"excerpt":{"rendered":"<p>aktu\u00e1lne po\u010dasie a web kamera:\u00a0\u00b7 meteo stanica Poprad Slavkov | \u00b7 letisko Poprad &#8211; Tatry predpove\u010f po\u010dasia: \u00b7 SHM\u00da<\/p>\n","protected":false},"author":1,"featured_media":0,"parent":0,"menu_order":0,"comment_status":"closed","ping_status":"closed","template":"","meta":{"_bbp_topic_count":0,"_bbp_reply_count":0,"_bbp_total_topic_count":0,"_bbp_total_reply_count":0,"_bbp_voice_count":0,"_bbp_anonymous_reply_count":0,"_bbp_topic_count_hidden":0,"_bbp_reply_count_hidden":0,"_bbp_forum_subforum_count":0,"footnotes":""},"class_list":["post-7703","page","type-page","status-publish","hentry"],"yoast_head":"<!-- This site is optimized with the Yoast SEO plugin v24.7 - https:\/\/yoast.com\/wordpress\/plugins\/seo\/ -->\n<title>\u10d9\u10d0\u10da\u10d4\u10dc\u10d3\u10d0\u10e0\u10d8 - Marco Air<\/title>\n<meta name=\"robots\" content=\"index, follow, max-snippet:-1, max-image-preview:large, max-video-preview:-1\" \/>\n<link rel=\"canonical\" href=\"https:\/\/marcoair.sk\/ka\/kalendari\/\" \/>\n<meta property=\"og:locale\" content=\"ka_GE\" \/>\n<meta property=\"og:type\" content=\"article\" \/>\n<meta property=\"og:title\" content=\"\u10d9\u10d0\u10da\u10d4\u10dc\u10d3\u10d0\u10e0\u10d8 - Marco Air\" \/>\n<meta property=\"og:description\" content=\"aktu\u00e1lne po\u010dasie a web kamera:\u00a0\u00b7 meteo stanica Poprad Slavkov | \u00b7 letisko Poprad &#8211; Tatry predpove\u010f po\u010dasia: \u00b7 SHM\u00da\" \/>\n<meta property=\"og:url\" content=\"https:\/\/marcoair.sk\/ka\/kalendari\/\" \/>\n<meta property=\"og:site_name\" content=\"Marco Air\" \/>\n<meta property=\"article:modified_time\" content=\"2023-03-23T13:44:55+00:00\" \/>\n<meta property=\"og:image\" content=\"https:\/\/marcoair.sk\/wp-content\/uploads\/2020\/11\/vyhliadkovy-let-poprad-tatry-pilot-scaled.jpg\" \/>\n\t<meta property=\"og:image:width\" content=\"2560\" \/>\n\t<meta property=\"og:image:height\" content=\"1920\" \/>\n\t<meta property=\"og:image:type\" content=\"image\/jpeg\" \/>\n<meta name=\"twitter:card\" content=\"summary_large_image\" \/>\n<script type=\"application\/ld+json\" class=\"yoast-schema-graph\">{\"@context\":\"https:\/\/schema.org\",\"@graph\":[{\"@type\":\"WebPage\",\"@id\":\"https:\/\/marcoair.sk\/ka\/kalendari\/\",\"url\":\"https:\/\/marcoair.sk\/ka\/kalendari\/\",\"name\":\"\u10d9\u10d0\u10da\u10d4\u10dc\u10d3\u10d0\u10e0\u10d8 - Marco Air\",\"isPartOf\":{\"@id\":\"https:\/\/marcoair.sk\/#website\"},\"datePublished\":\"2023-03-23T13:44:21+00:00\",\"dateModified\":\"2023-03-23T13:44:55+00:00\",\"breadcrumb\":{\"@id\":\"https:\/\/marcoair.sk\/ka\/kalendari\/#breadcrumb\"},\"inLanguage\":\"ka-GE\",\"potentialAction\":[{\"@type\":\"ReadAction\",\"target\":[\"https:\/\/marcoair.sk\/ka\/kalendari\/\"]}]},{\"@type\":\"BreadcrumbList\",\"@id\":\"https:\/\/marcoair.sk\/ka\/kalendari\/#breadcrumb\",\"itemListElement\":[{\"@type\":\"ListItem\",\"position\":1,\"name\":\"Domovsk\u00e1 str\u00e1nka\",\"item\":\"https:\/\/marcoair.sk\/ka\/\"},{\"@type\":\"ListItem\",\"position\":2,\"name\":\"\u10d9\u10d0\u10da\u10d4\u10dc\u10d3\u10d0\u10e0\u10d8\"}]},{\"@type\":\"WebSite\",\"@id\":\"https:\/\/marcoair.sk\/#website\",\"url\":\"https:\/\/marcoair.sk\/\",\"name\":\"Marco Air\",\"description\":\"Vyhliadkov\u00e9 lety za zdie\u013ean\u00e9 n\u00e1klady\",\"publisher\":{\"@id\":\"https:\/\/marcoair.sk\/#organization\"},\"potentialAction\":[{\"@type\":\"SearchAction\",\"target\":{\"@type\":\"EntryPoint\",\"urlTemplate\":\"https:\/\/marcoair.sk\/?s={search_term_string}\"},\"query-input\":{\"@type\":\"PropertyValueSpecification\",\"valueRequired\":true,\"valueName\":\"search_term_string\"}}],\"inLanguage\":\"ka-GE\"},{\"@type\":\"Organization\",\"@id\":\"https:\/\/marcoair.sk\/#organization\",\"name\":\"Marco Air\",\"url\":\"https:\/\/marcoair.sk\/\",\"logo\":{\"@type\":\"ImageObject\",\"inLanguage\":\"ka-GE\",\"@id\":\"https:\/\/marcoair.sk\/#\/schema\/logo\/image\/\",\"url\":\"https:\/\/marcoair.sk\/wp-content\/uploads\/2023\/03\/Marco-Air-logo.png\",\"contentUrl\":\"https:\/\/marcoair.sk\/wp-content\/uploads\/2023\/03\/Marco-Air-logo.png\",\"width\":150,\"height\":79,\"caption\":\"Marco Air\"},\"image\":{\"@id\":\"https:\/\/marcoair.sk\/#\/schema\/logo\/image\/\"},\"sameAs\":[\"https:\/\/www.instagram.com\/dobrodruznelety\/\"]}]}<\/script>\n<!-- \/ Yoast SEO plugin. -->","yoast_head_json":{"title":"\u10d9\u10d0\u10da\u10d4\u10dc\u10d3\u10d0\u10e0\u10d8 - Marco Air","robots":{"index":"index","follow":"follow","max-snippet":"max-snippet:-1","max-image-preview":"max-image-preview:large","max-video-preview":"max-video-preview:-1"},"canonical":"https:\/\/marcoair.sk\/ka\/kalendari\/","og_locale":"ka_GE","og_type":"article","og_title":"\u10d9\u10d0\u10da\u10d4\u10dc\u10d3\u10d0\u10e0\u10d8 - Marco Air","og_description":"aktu\u00e1lne po\u010dasie a web kamera:\u00a0\u00b7 meteo stanica Poprad Slavkov | \u00b7 letisko Poprad &#8211; Tatry predpove\u010f po\u010dasia: \u00b7 SHM\u00da","og_url":"https:\/\/marcoair.sk\/ka\/kalendari\/","og_site_name":"Marco Air","article_modified_time":"2023-03-23T13:44:55+00:00","og_image":[{"width":2560,"height":1920,"url":"https:\/\/marcoair.sk\/wp-content\/uploads\/2020\/11\/vyhliadkovy-let-poprad-tatry-pilot-scaled.jpg","type":"image\/jpeg"}],"twitter_card":"summary_large_image","schema":{"@context":"https:\/\/schema.org","@graph":[{"@type":"WebPage","@id":"https:\/\/marcoair.sk\/ka\/kalendari\/","url":"https:\/\/marcoair.sk\/ka\/kalendari\/","name":"\u10d9\u10d0\u10da\u10d4\u10dc\u10d3\u10d0\u10e0\u10d8 - Marco Air","isPartOf":{"@id":"https:\/\/marcoair.sk\/#website"},"datePublished":"2023-03-23T13:44:21+00:00","dateModified":"2023-03-23T13:44:55+00:00","breadcrumb":{"@id":"https:\/\/marcoair.sk\/ka\/kalendari\/#breadcrumb"},"inLanguage":"ka-GE","potentialAction":[{"@type":"ReadAction","target":["https:\/\/marcoair.sk\/ka\/kalendari\/"]}]},{"@type":"BreadcrumbList","@id":"https:\/\/marcoair.sk\/ka\/kalendari\/#breadcrumb","itemListElement":[{"@type":"ListItem","position":1,"name":"Domovsk\u00e1 str\u00e1nka","item":"https:\/\/marcoair.sk\/ka\/"},{"@type":"ListItem","position":2,"name":"\u10d9\u10d0\u10da\u10d4\u10dc\u10d3\u10d0\u10e0\u10d8"}]},{"@type":"WebSite","@id":"https:\/\/marcoair.sk\/#website","url":"https:\/\/marcoair.sk\/","name":"Marco Air","description":"Vyhliadkov\u00e9 lety za zdie\u013ean\u00e9 n\u00e1klady","publisher":{"@id":"https:\/\/marcoair.sk\/#organization"},"potentialAction":[{"@type":"SearchAction","target":{"@type":"EntryPoint","urlTemplate":"https:\/\/marcoair.sk\/?s={search_term_string}"},"query-input":{"@type":"PropertyValueSpecification","valueRequired":true,"valueName":"search_term_string"}}],"inLanguage":"ka-GE"},{"@type":"Organization","@id":"https:\/\/marcoair.sk\/#organization","name":"Marco Air","url":"https:\/\/marcoair.sk\/","logo":{"@type":"ImageObject","inLanguage":"ka-GE","@id":"https:\/\/marcoair.sk\/#\/schema\/logo\/image\/","url":"https:\/\/marcoair.sk\/wp-content\/uploads\/2023\/03\/Marco-Air-logo.png","contentUrl":"https:\/\/marcoair.sk\/wp-content\/uploads\/2023\/03\/Marco-Air-logo.png","width":150,"height":79,"caption":"Marco Air"},"image":{"@id":"https:\/\/marcoair.sk\/#\/schema\/logo\/image\/"},"sameAs":["https:\/\/www.instagram.com\/dobrodruznelety\/"]}]}},"_links":{"self":[{"href":"https:\/\/marcoair.sk\/ka\/wp-json\/wp\/v2\/pages\/7703","targetHints":{"allow":["GET"]}}],"collection":[{"href":"https:\/\/marcoair.sk\/ka\/wp-json\/wp\/v2\/pages"}],"about":[{"href":"https:\/\/marcoair.sk\/ka\/wp-json\/wp\/v2\/types\/page"}],"author":[{"embeddable":true,"href":"https:\/\/marcoair.sk\/ka\/wp-json\/wp\/v2\/users\/1"}],"replies":[{"embeddable":true,"href":"https:\/\/marcoair.sk\/ka\/wp-json\/wp\/v2\/comments?post=7703"}],"version-history":[{"count":1,"href":"https:\/\/marcoair.sk\/ka\/wp-json\/wp\/v2\/pages\/7703\/revisions"}],"predecessor-version":[{"id":7704,"href":"https:\/\/marcoair.sk\/ka\/wp-json\/wp\/v2\/pages\/7703\/revisions\/7704"}],"wp:attachment":[{"href":"https:\/\/marcoair.sk\/ka\/wp-json\/wp\/v2\/media?parent=7703"}],"curies":[{"name":"wp","href":"https:\/\/api.w.org\/{rel}","templated":true}]}}