{"id":7669,"date":"2023-03-22T10:18:36","date_gmt":"2023-03-22T09:18:36","guid":{"rendered":"https:\/\/marcoair.sk\/%e1%83%91%e1%83%a0%e1%83%9d%e1%83%a8%e1%83%a3%e1%83%a0%e1%83%90\/"},"modified":"2023-03-23T10:47:47","modified_gmt":"2023-03-23T09:47:47","slug":"broshura","status":"publish","type":"page","link":"https:\/\/marcoair.sk\/ka\/broshura\/","title":{"rendered":"\u10d1\u10e0\u10dd\u10e8\u10e3\u10e0\u10d0"},"content":{"rendered":"\t\t<div data-elementor-type=\"wp-page\" data-elementor-id=\"7669\" class=\"elementor elementor-7669 elementor-6115\" data-elementor-post-type=\"page\">\n\t\t\t\t\t\t<section class=\"elementor-section elementor-top-section elementor-element elementor-element-5c4c9c4 elementor-section-boxed elementor-section-height-default elementor-section-height-default\" data-id=\"5c4c9c4\" data-element_type=\"section\">\r\n\t\t\r\n\t\t\t\t\t\t\t<div class=\"elementor-container elementor-column-gap-default\">\r\n\t\t\t\t\t\t\t\t\t\t\t<div class=\"elementor-column elementor-col-25 elementor-top-column elementor-element elementor-element-8473781\" data-id=\"8473781\" data-element_type=\"column\">\r\n\t\t\t\t\t<div class=\"elementor-widget-wrap elementor-element-populated\">\r\n\t\t\t\t\t\t\t\t<div class=\"elementor-element elementor-element-a04abd2 elementor-widget elementor-widget-image\" data-id=\"a04abd2\" data-element_type=\"widget\" data-widget_type=\"image.default\">\n\t\t\t\t<div class=\"elementor-widget-container\">\n\t\t\t\t\t\t\t\t\t\t\t\t\t\t\t<img fetchpriority=\"high\" decoding=\"async\" width=\"742\" height=\"1024\" src=\"https:\/\/marcoair.sk\/wp-content\/uploads\/2020\/12\/letenka-vyhliadkovy-let-742x1024.jpg\" class=\"attachment-large size-large wp-image-6118\" alt=\"flight ticket sightseeing flight\" srcset=\"https:\/\/marcoair.sk\/wp-content\/uploads\/2020\/12\/letenka-vyhliadkovy-let-742x1024.jpg 742w, https:\/\/marcoair.sk\/wp-content\/uploads\/2020\/12\/letenka-vyhliadkovy-let-600x828.jpg 600w, https:\/\/marcoair.sk\/wp-content\/uploads\/2020\/12\/letenka-vyhliadkovy-let-640x883.jpg 640w, https:\/\/marcoair.sk\/wp-content\/uploads\/2020\/12\/letenka-vyhliadkovy-let-400x552.jpg 400w, https:\/\/marcoair.sk\/wp-content\/uploads\/2020\/12\/letenka-vyhliadkovy-let-367x506.jpg 367w\" sizes=\"(max-width: 742px) 100vw, 742px\" \/>\t\t\t\t\t\t\t\t\t\t\t\t\t\t\t<\/div>\n\t\t\t\t<\/div>\n\t\t\t\t\t<\/div>\r\n\t\t\t\t<\/div>\r\n\t\t\t\t<div class=\"elementor-column elementor-col-25 elementor-top-column elementor-element elementor-element-8b6416f\" data-id=\"8b6416f\" data-element_type=\"column\">\r\n\t\t\t\t\t<div class=\"elementor-widget-wrap elementor-element-populated\">\r\n\t\t\t\t\t\t\t\t<div class=\"elementor-element elementor-element-ae657a6 elementor-widget elementor-widget-image\" data-id=\"ae657a6\" data-element_type=\"widget\" data-widget_type=\"image.default\">\n\t\t\t\t<div class=\"elementor-widget-container\">\n\t\t\t\t\t\t\t\t\t\t\t\t\t\t\t<img decoding=\"async\" width=\"724\" height=\"1024\" src=\"https:\/\/marcoair.sk\/wp-content\/uploads\/2020\/12\/darcekova-poukazka-vyhliadkovy-let-zlta-724x1024.jpg\" class=\"attachment-large size-large wp-image-6121\" alt=\"gift voucher sightseeing flight yellow\" srcset=\"https:\/\/marcoair.sk\/wp-content\/uploads\/2020\/12\/darcekova-poukazka-vyhliadkovy-let-zlta-724x1024.jpg 724w, https:\/\/marcoair.sk\/wp-content\/uploads\/2020\/12\/darcekova-poukazka-vyhliadkovy-let-zlta-600x848.jpg 600w, https:\/\/marcoair.sk\/wp-content\/uploads\/2020\/12\/darcekova-poukazka-vyhliadkovy-let-zlta-640x905.jpg 640w, https:\/\/marcoair.sk\/wp-content\/uploads\/2020\/12\/darcekova-poukazka-vyhliadkovy-let-zlta-400x566.jpg 400w, https:\/\/marcoair.sk\/wp-content\/uploads\/2020\/12\/darcekova-poukazka-vyhliadkovy-let-zlta-367x519.jpg 367w\" sizes=\"(max-width: 724px) 100vw, 724px\" \/>\t\t\t\t\t\t\t\t\t\t\t\t\t\t\t<\/div>\n\t\t\t\t<\/div>\n\t\t\t\t\t<\/div>\r\n\t\t\t\t<\/div>\r\n\t\t\t\t<div class=\"elementor-column elementor-col-25 elementor-top-column elementor-element elementor-element-f3c1c91\" data-id=\"f3c1c91\" data-element_type=\"column\">\r\n\t\t\t\t\t<div class=\"elementor-widget-wrap elementor-element-populated\">\r\n\t\t\t\t\t\t\t\t<div class=\"elementor-element elementor-element-e0eabae elementor-widget elementor-widget-image\" data-id=\"e0eabae\" data-element_type=\"widget\" data-widget_type=\"image.default\">\n\t\t\t\t<div class=\"elementor-widget-container\">\n\t\t\t\t\t\t\t\t\t\t\t\t\t\t\t<img decoding=\"async\" width=\"724\" height=\"1024\" src=\"https:\/\/marcoair.sk\/wp-content\/uploads\/2020\/12\/darcekova-poukazka-vyhliadkovy-let-bordova-scaled-724x1024.jpg\" class=\"attachment-large size-large wp-image-6123\" alt=\"gift voucher sightseeing flight burgundy\" srcset=\"https:\/\/marcoair.sk\/wp-content\/uploads\/2020\/12\/darcekova-poukazka-vyhliadkovy-let-bordova-scaled-724x1024.jpg 724w, https:\/\/marcoair.sk\/wp-content\/uploads\/2020\/12\/darcekova-poukazka-vyhliadkovy-let-bordova-scaled-600x849.jpg 600w, https:\/\/marcoair.sk\/wp-content\/uploads\/2020\/12\/darcekova-poukazka-vyhliadkovy-let-bordova-scaled-640x905.jpg 640w, https:\/\/marcoair.sk\/wp-content\/uploads\/2020\/12\/darcekova-poukazka-vyhliadkovy-let-bordova-scaled-400x566.jpg 400w, https:\/\/marcoair.sk\/wp-content\/uploads\/2020\/12\/darcekova-poukazka-vyhliadkovy-let-bordova-scaled-367x519.jpg 367w\" sizes=\"(max-width: 724px) 100vw, 724px\" \/>\t\t\t\t\t\t\t\t\t\t\t\t\t\t\t<\/div>\n\t\t\t\t<\/div>\n\t\t\t\t\t<\/div>\r\n\t\t\t\t<\/div>\r\n\t\t\t\t<div class=\"elementor-column elementor-col-25 elementor-top-column elementor-element elementor-element-e89fa96\" data-id=\"e89fa96\" data-element_type=\"column\">\r\n\t\t\t\t\t<div class=\"elementor-widget-wrap elementor-element-populated\">\r\n\t\t\t\t\t\t\t\t<div class=\"elementor-element elementor-element-d63cf83 elementor-widget elementor-widget-image\" data-id=\"d63cf83\" data-element_type=\"widget\" data-widget_type=\"image.default\">\n\t\t\t\t<div class=\"elementor-widget-container\">\n\t\t\t\t\t\t\t\t\t\t\t\t\t\t\t<img loading=\"lazy\" decoding=\"async\" width=\"724\" height=\"1024\" src=\"https:\/\/marcoair.sk\/wp-content\/uploads\/2020\/12\/darcekova-poukazka-vyhliadkovy-let-modra-724x1024.jpg\" class=\"attachment-large size-large wp-image-6125\" alt=\"gift voucher sightseeing flight blue\" srcset=\"https:\/\/marcoair.sk\/wp-content\/uploads\/2020\/12\/darcekova-poukazka-vyhliadkovy-let-modra-724x1024.jpg 724w, https:\/\/marcoair.sk\/wp-content\/uploads\/2020\/12\/darcekova-poukazka-vyhliadkovy-let-modra-600x848.jpg 600w, https:\/\/marcoair.sk\/wp-content\/uploads\/2020\/12\/darcekova-poukazka-vyhliadkovy-let-modra-640x905.jpg 640w, https:\/\/marcoair.sk\/wp-content\/uploads\/2020\/12\/darcekova-poukazka-vyhliadkovy-let-modra-400x566.jpg 400w, https:\/\/marcoair.sk\/wp-content\/uploads\/2020\/12\/darcekova-poukazka-vyhliadkovy-let-modra-367x519.jpg 367w\" sizes=\"(max-width: 724px) 100vw, 724px\" \/>\t\t\t\t\t\t\t\t\t\t\t\t\t\t\t<\/div>\n\t\t\t\t<\/div>\n\t\t\t\t\t<\/div>\r\n\t\t\t\t<\/div>\r\n\t\t\t\t\t<\/div>\r\n\t\t\t\t<\/section>\r\n\t\t\t\t<section class=\"elementor-section elementor-top-section elementor-element elementor-element-6c81206 elementor-section-boxed elementor-section-height-default elementor-section-height-default\" data-id=\"6c81206\" data-element_type=\"section\">\r\n\t\t\r\n\t\t\t\t\t\t\t<div class=\"elementor-container elementor-column-gap-default\">\r\n\t\t\t\t\t\t\t\t\t\t\t<div class=\"elementor-column elementor-col-25 elementor-top-column elementor-element elementor-element-ef9417e\" data-id=\"ef9417e\" data-element_type=\"column\">\r\n\t\t\t\t\t<div class=\"elementor-widget-wrap elementor-element-populated\">\r\n\t\t\t\t\t\t\t\t<div class=\"elementor-element elementor-element-c2c1b59 elementor-widget elementor-widget-image\" data-id=\"c2c1b59\" data-element_type=\"widget\" data-widget_type=\"image.default\">\n\t\t\t\t<div class=\"elementor-widget-container\">\n\t\t\t\t\t\t\t\t\t\t\t\t\t\t\t<img loading=\"lazy\" decoding=\"async\" width=\"724\" height=\"1024\" src=\"https:\/\/marcoair.sk\/wp-content\/uploads\/2020\/12\/poster-vyhliadkovy-let-fialovy-724x1024.jpg\" class=\"attachment-large size-large wp-image-6127\" alt=\"gift voucher sightseeing flight purple\" srcset=\"https:\/\/marcoair.sk\/wp-content\/uploads\/2020\/12\/poster-vyhliadkovy-let-fialovy-724x1024.jpg 724w, https:\/\/marcoair.sk\/wp-content\/uploads\/2020\/12\/poster-vyhliadkovy-let-fialovy-600x848.jpg 600w, https:\/\/marcoair.sk\/wp-content\/uploads\/2020\/12\/poster-vyhliadkovy-let-fialovy-640x905.jpg 640w, https:\/\/marcoair.sk\/wp-content\/uploads\/2020\/12\/poster-vyhliadkovy-let-fialovy-400x566.jpg 400w, https:\/\/marcoair.sk\/wp-content\/uploads\/2020\/12\/poster-vyhliadkovy-let-fialovy-367x519.jpg 367w\" sizes=\"(max-width: 724px) 100vw, 724px\" \/>\t\t\t\t\t\t\t\t\t\t\t\t\t\t\t<\/div>\n\t\t\t\t<\/div>\n\t\t\t\t\t<\/div>\r\n\t\t\t\t<\/div>\r\n\t\t\t\t<div class=\"elementor-column elementor-col-25 elementor-top-column elementor-element elementor-element-d986ad8\" data-id=\"d986ad8\" data-element_type=\"column\">\r\n\t\t\t\t\t<div class=\"elementor-widget-wrap elementor-element-populated\">\r\n\t\t\t\t\t\t\t\t<div class=\"elementor-element elementor-element-3f13803 elementor-widget elementor-widget-image\" data-id=\"3f13803\" data-element_type=\"widget\" data-widget_type=\"image.default\">\n\t\t\t\t<div class=\"elementor-widget-container\">\n\t\t\t\t\t\t\t\t\t\t\t\t\t\t\t<img loading=\"lazy\" decoding=\"async\" width=\"724\" height=\"1024\" src=\"https:\/\/marcoair.sk\/wp-content\/uploads\/2020\/12\/darcekova-poukazka-vyhliadkovy-let-zlta-1-724x1024.jpg\" class=\"attachment-large size-large wp-image-6129\" alt=\"gift voucher sightseeing flight yellow\" srcset=\"https:\/\/marcoair.sk\/wp-content\/uploads\/2020\/12\/darcekova-poukazka-vyhliadkovy-let-zlta-1-724x1024.jpg 724w, https:\/\/marcoair.sk\/wp-content\/uploads\/2020\/12\/darcekova-poukazka-vyhliadkovy-let-zlta-1-600x848.jpg 600w, https:\/\/marcoair.sk\/wp-content\/uploads\/2020\/12\/darcekova-poukazka-vyhliadkovy-let-zlta-1-640x905.jpg 640w, https:\/\/marcoair.sk\/wp-content\/uploads\/2020\/12\/darcekova-poukazka-vyhliadkovy-let-zlta-1-400x566.jpg 400w, https:\/\/marcoair.sk\/wp-content\/uploads\/2020\/12\/darcekova-poukazka-vyhliadkovy-let-zlta-1-367x519.jpg 367w\" sizes=\"(max-width: 724px) 100vw, 724px\" \/>\t\t\t\t\t\t\t\t\t\t\t\t\t\t\t<\/div>\n\t\t\t\t<\/div>\n\t\t\t\t\t<\/div>\r\n\t\t\t\t<\/div>\r\n\t\t\t\t<div class=\"elementor-column elementor-col-25 elementor-top-column elementor-element elementor-element-a9177fe\" data-id=\"a9177fe\" data-element_type=\"column\">\r\n\t\t\t\t\t<div class=\"elementor-widget-wrap elementor-element-populated\">\r\n\t\t\t\t\t\t\t\t<div class=\"elementor-element elementor-element-24bd28a elementor-widget elementor-widget-image\" data-id=\"24bd28a\" data-element_type=\"widget\" data-widget_type=\"image.default\">\n\t\t\t\t<div class=\"elementor-widget-container\">\n\t\t\t\t\t\t\t\t\t\t\t\t\t\t\t<img loading=\"lazy\" decoding=\"async\" width=\"724\" height=\"1024\" src=\"https:\/\/marcoair.sk\/wp-content\/uploads\/2020\/12\/darcekova-poukazka-vyhliadkovy-let-zelena-724x1024.jpg\" class=\"attachment-large size-large wp-image-6131\" alt=\"gift voucher sightseeing flight green\" srcset=\"https:\/\/marcoair.sk\/wp-content\/uploads\/2020\/12\/darcekova-poukazka-vyhliadkovy-let-zelena-724x1024.jpg 724w, https:\/\/marcoair.sk\/wp-content\/uploads\/2020\/12\/darcekova-poukazka-vyhliadkovy-let-zelena-600x848.jpg 600w, https:\/\/marcoair.sk\/wp-content\/uploads\/2020\/12\/darcekova-poukazka-vyhliadkovy-let-zelena-640x905.jpg 640w, https:\/\/marcoair.sk\/wp-content\/uploads\/2020\/12\/darcekova-poukazka-vyhliadkovy-let-zelena-400x566.jpg 400w, https:\/\/marcoair.sk\/wp-content\/uploads\/2020\/12\/darcekova-poukazka-vyhliadkovy-let-zelena-367x519.jpg 367w\" sizes=\"(max-width: 724px) 100vw, 724px\" \/>\t\t\t\t\t\t\t\t\t\t\t\t\t\t\t<\/div>\n\t\t\t\t<\/div>\n\t\t\t\t\t<\/div>\r\n\t\t\t\t<\/div>\r\n\t\t\t\t<div class=\"elementor-column elementor-col-25 elementor-top-column elementor-element elementor-element-64fd88a\" data-id=\"64fd88a\" data-element_type=\"column\">\r\n\t\t\t\t\t<div class=\"elementor-widget-wrap elementor-element-populated\">\r\n\t\t\t\t\t\t\t\t<div class=\"elementor-element elementor-element-e651564 elementor-widget elementor-widget-image\" data-id=\"e651564\" data-element_type=\"widget\" data-widget_type=\"image.default\">\n\t\t\t\t<div class=\"elementor-widget-container\">\n\t\t\t\t\t\t\t\t\t\t\t\t\t\t\t<img loading=\"lazy\" decoding=\"async\" width=\"724\" height=\"1024\" src=\"https:\/\/marcoair.sk\/wp-content\/uploads\/2020\/12\/darcekova-poukazka-vyhliadkovy-let-white-1-724x1024.jpg\" class=\"attachment-large size-large wp-image-6151\" alt=\"dar\u010dekov\u00e1 pouk\u00e1\u017eka vyhliadkov\u00fd let biela\" srcset=\"https:\/\/marcoair.sk\/wp-content\/uploads\/2020\/12\/darcekova-poukazka-vyhliadkovy-let-white-1-724x1024.jpg 724w, https:\/\/marcoair.sk\/wp-content\/uploads\/2020\/12\/darcekova-poukazka-vyhliadkovy-let-white-1-600x848.jpg 600w, https:\/\/marcoair.sk\/wp-content\/uploads\/2020\/12\/darcekova-poukazka-vyhliadkovy-let-white-1-640x905.jpg 640w, https:\/\/marcoair.sk\/wp-content\/uploads\/2020\/12\/darcekova-poukazka-vyhliadkovy-let-white-1-400x566.jpg 400w, https:\/\/marcoair.sk\/wp-content\/uploads\/2020\/12\/darcekova-poukazka-vyhliadkovy-let-white-1-367x519.jpg 367w\" sizes=\"(max-width: 724px) 100vw, 724px\" \/>\t\t\t\t\t\t\t\t\t\t\t\t\t\t\t<\/div>\n\t\t\t\t<\/div>\n\t\t\t\t\t<\/div>\r\n\t\t\t\t<\/div>\r\n\t\t\t\t\t<\/div>\r\n\t\t\t\t<\/section>\r\n\t\t\t\t<\/div>\n\t\t","protected":false},"excerpt":{"rendered":"","protected":false},"author":1,"featured_media":0,"parent":0,"menu_order":0,"comment_status":"closed","ping_status":"closed","template":"","meta":{"_bbp_topic_count":0,"_bbp_reply_count":0,"_bbp_total_topic_count":0,"_bbp_total_reply_count":0,"_bbp_voice_count":0,"_bbp_anonymous_reply_count":0,"_bbp_topic_count_hidden":0,"_bbp_reply_count_hidden":0,"_bbp_forum_subforum_count":0,"footnotes":""},"class_list":["post-7669","page","type-page","status-publish","hentry"],"yoast_head":"<!-- This site is optimized with the Yoast SEO plugin v24.7 - https:\/\/yoast.com\/wordpress\/plugins\/seo\/ -->\n<title>\u10d1\u10e0\u10dd\u10e8\u10e3\u10e0\u10d0 - Marco Air<\/title>\n<meta name=\"robots\" content=\"index, follow, max-snippet:-1, max-image-preview:large, max-video-preview:-1\" \/>\n<link rel=\"canonical\" href=\"https:\/\/marcoair.sk\/ka\/broshura\/\" \/>\n<meta property=\"og:locale\" content=\"ka_GE\" \/>\n<meta property=\"og:type\" content=\"article\" \/>\n<meta property=\"og:title\" content=\"\u10d1\u10e0\u10dd\u10e8\u10e3\u10e0\u10d0 - Marco Air\" \/>\n<meta property=\"og:url\" content=\"https:\/\/marcoair.sk\/ka\/broshura\/\" \/>\n<meta property=\"og:site_name\" content=\"Marco Air\" \/>\n<meta property=\"article:modified_time\" content=\"2023-03-23T09:47:47+00:00\" \/>\n<meta property=\"og:image\" content=\"https:\/\/dobrodruznelety.sk\/wp-content\/uploads\/2020\/12\/letenka-vyhliadkovy-let-742x1024.jpg\" \/>\n<meta name=\"twitter:card\" content=\"summary_large_image\" \/>\n<script type=\"application\/ld+json\" class=\"yoast-schema-graph\">{\"@context\":\"https:\/\/schema.org\",\"@graph\":[{\"@type\":\"WebPage\",\"@id\":\"https:\/\/marcoair.sk\/ka\/broshura\/\",\"url\":\"https:\/\/marcoair.sk\/ka\/broshura\/\",\"name\":\"\u10d1\u10e0\u10dd\u10e8\u10e3\u10e0\u10d0 - Marco Air\",\"isPartOf\":{\"@id\":\"https:\/\/marcoair.sk\/#website\"},\"primaryImageOfPage\":{\"@id\":\"https:\/\/marcoair.sk\/ka\/broshura\/#primaryimage\"},\"image\":{\"@id\":\"https:\/\/marcoair.sk\/ka\/broshura\/#primaryimage\"},\"thumbnailUrl\":\"https:\/\/dobrodruznelety.sk\/wp-content\/uploads\/2020\/12\/letenka-vyhliadkovy-let-742x1024.jpg\",\"datePublished\":\"2023-03-22T09:18:36+00:00\",\"dateModified\":\"2023-03-23T09:47:47+00:00\",\"breadcrumb\":{\"@id\":\"https:\/\/marcoair.sk\/ka\/broshura\/#breadcrumb\"},\"inLanguage\":\"ka-GE\",\"potentialAction\":[{\"@type\":\"ReadAction\",\"target\":[\"https:\/\/marcoair.sk\/ka\/broshura\/\"]}]},{\"@type\":\"ImageObject\",\"inLanguage\":\"ka-GE\",\"@id\":\"https:\/\/marcoair.sk\/ka\/broshura\/#primaryimage\",\"url\":\"https:\/\/dobrodruznelety.sk\/wp-content\/uploads\/2020\/12\/letenka-vyhliadkovy-let-742x1024.jpg\",\"contentUrl\":\"https:\/\/dobrodruznelety.sk\/wp-content\/uploads\/2020\/12\/letenka-vyhliadkovy-let-742x1024.jpg\"},{\"@type\":\"BreadcrumbList\",\"@id\":\"https:\/\/marcoair.sk\/ka\/broshura\/#breadcrumb\",\"itemListElement\":[{\"@type\":\"ListItem\",\"position\":1,\"name\":\"Domovsk\u00e1 str\u00e1nka\",\"item\":\"https:\/\/marcoair.sk\/ka\/\"},{\"@type\":\"ListItem\",\"position\":2,\"name\":\"\u10d1\u10e0\u10dd\u10e8\u10e3\u10e0\u10d0\"}]},{\"@type\":\"WebSite\",\"@id\":\"https:\/\/marcoair.sk\/#website\",\"url\":\"https:\/\/marcoair.sk\/\",\"name\":\"Marco Air\",\"description\":\"Vyhliadkov\u00e9 lety za zdie\u013ean\u00e9 n\u00e1klady\",\"publisher\":{\"@id\":\"https:\/\/marcoair.sk\/#organization\"},\"potentialAction\":[{\"@type\":\"SearchAction\",\"target\":{\"@type\":\"EntryPoint\",\"urlTemplate\":\"https:\/\/marcoair.sk\/?s={search_term_string}\"},\"query-input\":{\"@type\":\"PropertyValueSpecification\",\"valueRequired\":true,\"valueName\":\"search_term_string\"}}],\"inLanguage\":\"ka-GE\"},{\"@type\":\"Organization\",\"@id\":\"https:\/\/marcoair.sk\/#organization\",\"name\":\"Marco Air\",\"url\":\"https:\/\/marcoair.sk\/\",\"logo\":{\"@type\":\"ImageObject\",\"inLanguage\":\"ka-GE\",\"@id\":\"https:\/\/marcoair.sk\/#\/schema\/logo\/image\/\",\"url\":\"https:\/\/marcoair.sk\/wp-content\/uploads\/2023\/03\/Marco-Air-logo.png\",\"contentUrl\":\"https:\/\/marcoair.sk\/wp-content\/uploads\/2023\/03\/Marco-Air-logo.png\",\"width\":150,\"height\":79,\"caption\":\"Marco Air\"},\"image\":{\"@id\":\"https:\/\/marcoair.sk\/#\/schema\/logo\/image\/\"},\"sameAs\":[\"https:\/\/www.instagram.com\/dobrodruznelety\/\"]}]}<\/script>\n<!-- \/ Yoast SEO plugin. -->","yoast_head_json":{"title":"\u10d1\u10e0\u10dd\u10e8\u10e3\u10e0\u10d0 - Marco Air","robots":{"index":"index","follow":"follow","max-snippet":"max-snippet:-1","max-image-preview":"max-image-preview:large","max-video-preview":"max-video-preview:-1"},"canonical":"https:\/\/marcoair.sk\/ka\/broshura\/","og_locale":"ka_GE","og_type":"article","og_title":"\u10d1\u10e0\u10dd\u10e8\u10e3\u10e0\u10d0 - Marco Air","og_url":"https:\/\/marcoair.sk\/ka\/broshura\/","og_site_name":"Marco Air","article_modified_time":"2023-03-23T09:47:47+00:00","og_image":[{"url":"https:\/\/dobrodruznelety.sk\/wp-content\/uploads\/2020\/12\/letenka-vyhliadkovy-let-742x1024.jpg","type":"","width":"","height":""}],"twitter_card":"summary_large_image","schema":{"@context":"https:\/\/schema.org","@graph":[{"@type":"WebPage","@id":"https:\/\/marcoair.sk\/ka\/broshura\/","url":"https:\/\/marcoair.sk\/ka\/broshura\/","name":"\u10d1\u10e0\u10dd\u10e8\u10e3\u10e0\u10d0 - Marco Air","isPartOf":{"@id":"https:\/\/marcoair.sk\/#website"},"primaryImageOfPage":{"@id":"https:\/\/marcoair.sk\/ka\/broshura\/#primaryimage"},"image":{"@id":"https:\/\/marcoair.sk\/ka\/broshura\/#primaryimage"},"thumbnailUrl":"https:\/\/dobrodruznelety.sk\/wp-content\/uploads\/2020\/12\/letenka-vyhliadkovy-let-742x1024.jpg","datePublished":"2023-03-22T09:18:36+00:00","dateModified":"2023-03-23T09:47:47+00:00","breadcrumb":{"@id":"https:\/\/marcoair.sk\/ka\/broshura\/#breadcrumb"},"inLanguage":"ka-GE","potentialAction":[{"@type":"ReadAction","target":["https:\/\/marcoair.sk\/ka\/broshura\/"]}]},{"@type":"ImageObject","inLanguage":"ka-GE","@id":"https:\/\/marcoair.sk\/ka\/broshura\/#primaryimage","url":"https:\/\/dobrodruznelety.sk\/wp-content\/uploads\/2020\/12\/letenka-vyhliadkovy-let-742x1024.jpg","contentUrl":"https:\/\/dobrodruznelety.sk\/wp-content\/uploads\/2020\/12\/letenka-vyhliadkovy-let-742x1024.jpg"},{"@type":"BreadcrumbList","@id":"https:\/\/marcoair.sk\/ka\/broshura\/#breadcrumb","itemListElement":[{"@type":"ListItem","position":1,"name":"Domovsk\u00e1 str\u00e1nka","item":"https:\/\/marcoair.sk\/ka\/"},{"@type":"ListItem","position":2,"name":"\u10d1\u10e0\u10dd\u10e8\u10e3\u10e0\u10d0"}]},{"@type":"WebSite","@id":"https:\/\/marcoair.sk\/#website","url":"https:\/\/marcoair.sk\/","name":"Marco Air","description":"Vyhliadkov\u00e9 lety za zdie\u013ean\u00e9 n\u00e1klady","publisher":{"@id":"https:\/\/marcoair.sk\/#organization"},"potentialAction":[{"@type":"SearchAction","target":{"@type":"EntryPoint","urlTemplate":"https:\/\/marcoair.sk\/?s={search_term_string}"},"query-input":{"@type":"PropertyValueSpecification","valueRequired":true,"valueName":"search_term_string"}}],"inLanguage":"ka-GE"},{"@type":"Organization","@id":"https:\/\/marcoair.sk\/#organization","name":"Marco Air","url":"https:\/\/marcoair.sk\/","logo":{"@type":"ImageObject","inLanguage":"ka-GE","@id":"https:\/\/marcoair.sk\/#\/schema\/logo\/image\/","url":"https:\/\/marcoair.sk\/wp-content\/uploads\/2023\/03\/Marco-Air-logo.png","contentUrl":"https:\/\/marcoair.sk\/wp-content\/uploads\/2023\/03\/Marco-Air-logo.png","width":150,"height":79,"caption":"Marco Air"},"image":{"@id":"https:\/\/marcoair.sk\/#\/schema\/logo\/image\/"},"sameAs":["https:\/\/www.instagram.com\/dobrodruznelety\/"]}]}},"_links":{"self":[{"href":"https:\/\/marcoair.sk\/ka\/wp-json\/wp\/v2\/pages\/7669","targetHints":{"allow":["GET"]}}],"collection":[{"href":"https:\/\/marcoair.sk\/ka\/wp-json\/wp\/v2\/pages"}],"about":[{"href":"https:\/\/marcoair.sk\/ka\/wp-json\/wp\/v2\/types\/page"}],"author":[{"embeddable":true,"href":"https:\/\/marcoair.sk\/ka\/wp-json\/wp\/v2\/users\/1"}],"replies":[{"embeddable":true,"href":"https:\/\/marcoair.sk\/ka\/wp-json\/wp\/v2\/comments?post=7669"}],"version-history":[{"count":1,"href":"https:\/\/marcoair.sk\/ka\/wp-json\/wp\/v2\/pages\/7669\/revisions"}],"predecessor-version":[{"id":7670,"href":"https:\/\/marcoair.sk\/ka\/wp-json\/wp\/v2\/pages\/7669\/revisions\/7670"}],"wp:attachment":[{"href":"https:\/\/marcoair.sk\/ka\/wp-json\/wp\/v2\/media?parent=7669"}],"curies":[{"name":"wp","href":"https:\/\/api.w.org\/{rel}","templated":true}]}}