{"id":11102,"date":"2024-08-08T13:11:00","date_gmt":"2024-08-08T11:11:00","guid":{"rendered":"https:\/\/marcoair.sk\/produkt\/airline-simulator-assessment-preparation-airbus-a320\/"},"modified":"2024-12-16T20:37:13","modified_gmt":"2024-12-16T19:37:13","slug":"airline-simulator-assessment-preparation-airbus-a320","status":"publish","type":"product","link":"https:\/\/marcoair.sk\/en\/produkt\/airline-simulator-assessment-preparation-airbus-a320\/","title":{"rendered":"Airline Simulator Assessment Preparation &#8211; Airbus A320"},"content":{"rendered":"<h2 class=\"p1\"><strong><span class=\"s1\">Prepare with us for a successful airline interview on Airbus A320<\/span><\/strong><\/h2>\n<p class=\"p1\"><span class=\"s1\">You will be guided by a <strong>professional instructor and an active A320 airline pilot<\/strong>.<br \/>\n<\/span><\/p>\n<p class=\"p1\">We have access to a <strong>professional certified A320 simulator (fixed base or full flight simulator FFS A320) in Prague and Budapest at discounted rates.<\/strong><\/p>\n<p class=\"p1\"><span class=\"s1\"><strong>Individual training focused on enhancing your pilot skills<\/strong>, so you can excel in your simulator assessment during the airline interview.<\/span><\/p>\n<p class=\"p1\"><span class=\"s1\">You will learn how an airline selection process works, what airlines are looking for, and what skills are needed to successfully pass the selection process.<\/span><\/p>\n<p class=\"p1\"><span class=\"s1\">Practice with us:<\/span><\/p>\n<ul class=\"ul1\">\n<li><strong>Airline assessment \/ A320 airline interview<\/strong><\/li>\n<li class=\"li1\"><strong><span class=\"s1\">IFR procedures<\/span><\/strong><\/li>\n<li class=\"li1\"><span class=\"s1\">Standard Operating Procedures (<strong>SOP<\/strong>)<\/span><\/li>\n<li class=\"li1\"><span class=\"s1\">Jet Orientation Course (<strong>JOC<\/strong>)<\/span><\/li>\n<li class=\"li1\"><span class=\"s1\">Crew Resource Management (<strong>CRM<\/strong>)<\/span><\/li>\n<li>Multi-crew cooperation (<strong>MCC<\/strong>)<\/li>\n<li class=\"li1\"><strong><span class=\"s1\">Type Rating A320 preparation<\/span><\/strong><\/li>\n<li class=\"li1\"><strong><span class=\"s1\">A320 cockpit familiarization<\/span><\/strong><\/li>\n<li class=\"li1\"><strong><span class=\"s1\">FMS training<\/span><\/strong><\/li>\n<li class=\"li1\"><strong><span class=\"s1\">A320 ab-initio training<\/span><\/strong><\/li>\n<\/ul>\n<p class=\"p3\"><span class=\"s3\">Recommended session length:<\/span><\/p>\n<p class=\"p1\"><span class=\"s1\">4 hours: 2 hours as pilot flying and 2 hours as pilot monitoring<\/span><\/p>\n<p class=\"p1\"><strong><span class=\"s1\">Our course is also suitable for multiple participants.<\/span><\/strong><\/p>\n<p class=\"p1\"><span class=\"s4\"><strong>Access to necessary materials is also available<\/strong> (<strong>aeronautical charts, checklists, QRH, and operating procedures<\/strong>).<\/span><\/p>\n<p><strong>Contact us:<\/strong><\/p>\n<p><strong><a href=\"https:\/\/www.linkedin.com\/in\/marekpalkoci\" target=\"_blank\" rel=\"noopener\">Marek Palkoci<\/a> &#8211; airline pilot, FO A320<\/strong><br \/>\n<strong><a href=\"tel:+421 910 192 057\">\u260e\ufe0f +421 910 192 057<\/a><\/strong><\/p>\n<p><strong>Luk\u00e1\u0161 \u0160t\u011bp\u00e1nek &#8211; Cpt A320 \/ TRI\u00a0<\/strong><\/p>\n<p><strong><a href=\"mailto:fly@marcoair.sk\">\u2709\ufe0f fly@marcoair.sk<\/a><\/strong><\/p>\n","protected":false},"excerpt":{"rendered":"<blockquote><p>\ud83d\udeeb Are you preparing for an airline interview as an Airbus A320 pilot? Secure the preparation that will bring you closer to your goal! \ud83d\ude80 Gain the necessary skills, as well as the confidence that is key to succeeding in the interview. \ud83c\udf0d Under the guidance of an experienced instructor, you will improve your abilities and increase your chances of success. Book your session and be one step closer to your dream pilot career!<\/p><\/blockquote>\n<p class=\"p1\"><strong><span class=\"s1\">We will prepare you for the selection process for an Airbus A320 airline pilot<\/span><\/strong><\/p>\n<p><strong>We prepare pilots for airlines such as Wizz Air, Eurowings, Ryanair Lauda, Smartlynx, Avion Express.<\/strong><\/p>\n<p><strong>Professional certified A320 simulator in Prague and Budapest at discounted rates<\/strong><\/p>\n<p><strong>Professional instructor and active A320 airline pilot<\/strong><\/p>\n<p class=\"p1\"><span class=\"s2\">Practice IFR procedures, holding entries, instrument departures and approaches, emergency procedures, and landings.<\/span><\/p>\n<p><strong>Contact us:<\/strong><br \/>\n<strong><a href=\"https:\/\/www.linkedin.com\/in\/marekpalkoci\" target=\"_blank\" rel=\"noopener\">Marek Palkoci<\/a> &#8211; airline pilot, FO A320<\/strong><br \/>\n<strong><a href=\"tel:+421 910 192 057\">\u260e\ufe0f +421 910 192 057<\/a><\/strong><br \/>\n<em>Marek Palkoci is an airline pilot with more than 3,000 flight hours on A320 and more than 17 years of flying experience.<\/em><\/p>\n<p><strong>Luk\u00e1\u0161 \u0160t\u011bp\u00e1nek &#8211; Cpt A320 \/ TRI\u00a0<\/strong><br \/>\n<em>Luk\u00e1\u0161 \u0160t\u011bp\u00e1nek is an airline pilot and instructor with more than 15,000 flight hours on aircraft such as L410, B737 and A320. With more than 25 years of experience, he specializes in training of pilots and preparing pilots for Airbus A320 as a type rating instructor.<\/em><br \/>\n<a href=\"https:\/\/cnn.iprima.cz\/cesky-pilot-tragedie-v-jaroslavli-zpetne-se-nedivim-do-nekterych-letadel-bych-v-rusku-nesedl-447049\" target=\"_blank\" rel=\"noopener\">interview with Luk\u00e1\u0161 \u0160t\u011bp\u00e1nek for cnn.iprima.cz \/CZ\/<\/a><\/p>\n<p><strong><a href=\"mailto:fly@marcoair.sk\">\u2709\ufe0f fly@marcoair.sk<\/a><\/strong><\/p>\n","protected":false},"featured_media":8921,"comment_status":"open","ping_status":"closed","template":"","meta":{"_bbp_topic_count":0,"_bbp_reply_count":0,"_bbp_total_topic_count":0,"_bbp_total_reply_count":0,"_bbp_voice_count":0,"_bbp_anonymous_reply_count":0,"_bbp_topic_count_hidden":0,"_bbp_reply_count_hidden":0,"_bbp_forum_subforum_count":0},"product_brand":[],"product_cat":[120],"product_tag":[],"class_list":{"0":"post-11102","1":"product","2":"type-product","3":"status-publish","4":"has-post-thumbnail","6":"product_cat-vyhliadkovy-let-lietadlom","7":"wcpv_product_vendors-pilot-marek-palkoci-en","9":"first","10":"instock","11":"taxable","12":"shipping-taxable","13":"product-type-simple"},"brands":[],"yoast_head":"<!-- This site is optimized with the Yoast SEO plugin v24.7 - https:\/\/yoast.com\/wordpress\/plugins\/seo\/ -->\n<title>Airline Simulator Assessment Preparation - Airbus A320 - Marco Air<\/title>\n<meta name=\"description\" content=\"Airline Simulator Assessment Preparation - Airbus A320 - Marco Air\" \/>\n<meta name=\"robots\" content=\"index, follow, max-snippet:-1, max-image-preview:large, max-video-preview:-1\" \/>\n<link rel=\"canonical\" href=\"https:\/\/marcoair.sk\/en\/produkt\/airline-simulator-assessment-preparation-airbus-a320\/\" \/>\n<meta property=\"og:locale\" content=\"en_US\" \/>\n<meta property=\"og:type\" content=\"article\" \/>\n<meta property=\"og:title\" content=\"Airline Simulator Assessment Preparation - Airbus A320 - Marco Air\" \/>\n<meta property=\"og:description\" content=\"Airline Simulator Assessment Preparation - Airbus A320 - Marco Air\" \/>\n<meta property=\"og:url\" content=\"https:\/\/marcoair.sk\/en\/produkt\/airline-simulator-assessment-preparation-airbus-a320\/\" \/>\n<meta property=\"og:site_name\" content=\"Marco Air\" \/>\n<meta property=\"article:modified_time\" content=\"2024-12-16T19:37:13+00:00\" \/>\n<meta property=\"og:image\" content=\"https:\/\/marcoair.sk\/wp-content\/uploads\/2023\/12\/FFS-A320-CATC-Praha-2023.jpg\" \/>\n\t<meta property=\"og:image:width\" content=\"320\" \/>\n\t<meta property=\"og:image:height\" content=\"240\" \/>\n\t<meta property=\"og:image:type\" content=\"image\/jpeg\" \/>\n<meta name=\"twitter:card\" content=\"summary_large_image\" \/>\n<meta name=\"twitter:label1\" content=\"Est. reading time\" \/>\n\t<meta name=\"twitter:data1\" content=\"1 minute\" \/>\n<script type=\"application\/ld+json\" class=\"yoast-schema-graph\">{\"@context\":\"https:\/\/schema.org\",\"@graph\":[{\"@type\":\"WebPage\",\"@id\":\"https:\/\/marcoair.sk\/en\/produkt\/airline-simulator-assessment-preparation-airbus-a320\/\",\"url\":\"https:\/\/marcoair.sk\/en\/produkt\/airline-simulator-assessment-preparation-airbus-a320\/\",\"name\":\"Airline Simulator Assessment Preparation - Airbus A320 - Marco Air\",\"isPartOf\":{\"@id\":\"https:\/\/marcoair.sk\/#website\"},\"primaryImageOfPage\":{\"@id\":\"https:\/\/marcoair.sk\/en\/produkt\/airline-simulator-assessment-preparation-airbus-a320\/#primaryimage\"},\"image\":{\"@id\":\"https:\/\/marcoair.sk\/en\/produkt\/airline-simulator-assessment-preparation-airbus-a320\/#primaryimage\"},\"thumbnailUrl\":\"https:\/\/marcoair.sk\/wp-content\/uploads\/2023\/12\/FFS-A320-CATC-Praha-2023.jpg\",\"datePublished\":\"2024-08-08T11:11:00+00:00\",\"dateModified\":\"2024-12-16T19:37:13+00:00\",\"description\":\"Airline Simulator Assessment Preparation - Airbus A320 - Marco Air\",\"breadcrumb\":{\"@id\":\"https:\/\/marcoair.sk\/en\/produkt\/airline-simulator-assessment-preparation-airbus-a320\/#breadcrumb\"},\"inLanguage\":\"en-US\",\"potentialAction\":[{\"@type\":\"ReadAction\",\"target\":[\"https:\/\/marcoair.sk\/en\/produkt\/airline-simulator-assessment-preparation-airbus-a320\/\"]}]},{\"@type\":\"ImageObject\",\"inLanguage\":\"en-US\",\"@id\":\"https:\/\/marcoair.sk\/en\/produkt\/airline-simulator-assessment-preparation-airbus-a320\/#primaryimage\",\"url\":\"https:\/\/marcoair.sk\/wp-content\/uploads\/2023\/12\/FFS-A320-CATC-Praha-2023.jpg\",\"contentUrl\":\"https:\/\/marcoair.sk\/wp-content\/uploads\/2023\/12\/FFS-A320-CATC-Praha-2023.jpg\",\"width\":320,\"height\":240,\"caption\":\"FFS A320 CATC Praha 2023\"},{\"@type\":\"BreadcrumbList\",\"@id\":\"https:\/\/marcoair.sk\/en\/produkt\/airline-simulator-assessment-preparation-airbus-a320\/#breadcrumb\",\"itemListElement\":[{\"@type\":\"ListItem\",\"position\":1,\"name\":\"Domovsk\u00e1 str\u00e1nka\",\"item\":\"https:\/\/marcoair.sk\/en\/elementor-4371\/\"},{\"@type\":\"ListItem\",\"position\":2,\"name\":\"Sightseeing flight\",\"item\":\"https:\/\/marcoair.sk\/en\/sightseeing-flight\/\"},{\"@type\":\"ListItem\",\"position\":3,\"name\":\"Airline Simulator Assessment Preparation &#8211; Airbus A320\"}]},{\"@type\":\"WebSite\",\"@id\":\"https:\/\/marcoair.sk\/#website\",\"url\":\"https:\/\/marcoair.sk\/\",\"name\":\"Marco Air\",\"description\":\"Cost sharing flights\",\"publisher\":{\"@id\":\"https:\/\/marcoair.sk\/#organization\"},\"potentialAction\":[{\"@type\":\"SearchAction\",\"target\":{\"@type\":\"EntryPoint\",\"urlTemplate\":\"https:\/\/marcoair.sk\/?s={search_term_string}\"},\"query-input\":{\"@type\":\"PropertyValueSpecification\",\"valueRequired\":true,\"valueName\":\"search_term_string\"}}],\"inLanguage\":\"en-US\"},{\"@type\":\"Organization\",\"@id\":\"https:\/\/marcoair.sk\/#organization\",\"name\":\"Marco Air\",\"url\":\"https:\/\/marcoair.sk\/\",\"logo\":{\"@type\":\"ImageObject\",\"inLanguage\":\"en-US\",\"@id\":\"https:\/\/marcoair.sk\/#\/schema\/logo\/image\/\",\"url\":\"https:\/\/marcoair.sk\/wp-content\/uploads\/2023\/03\/Marco-Air-logo.png\",\"contentUrl\":\"https:\/\/marcoair.sk\/wp-content\/uploads\/2023\/03\/Marco-Air-logo.png\",\"width\":150,\"height\":79,\"caption\":\"Marco Air\"},\"image\":{\"@id\":\"https:\/\/marcoair.sk\/#\/schema\/logo\/image\/\"},\"sameAs\":[\"https:\/\/www.instagram.com\/dobrodruznelety\/\"]}]}<\/script>\n<!-- \/ Yoast SEO plugin. -->","yoast_head_json":{"title":"Airline Simulator Assessment Preparation - Airbus A320 - Marco Air","description":"Airline Simulator Assessment Preparation - Airbus A320 - Marco Air","robots":{"index":"index","follow":"follow","max-snippet":"max-snippet:-1","max-image-preview":"max-image-preview:large","max-video-preview":"max-video-preview:-1"},"canonical":"https:\/\/marcoair.sk\/en\/produkt\/airline-simulator-assessment-preparation-airbus-a320\/","og_locale":"en_US","og_type":"article","og_title":"Airline Simulator Assessment Preparation - Airbus A320 - Marco Air","og_description":"Airline Simulator Assessment Preparation - Airbus A320 - Marco Air","og_url":"https:\/\/marcoair.sk\/en\/produkt\/airline-simulator-assessment-preparation-airbus-a320\/","og_site_name":"Marco Air","article_modified_time":"2024-12-16T19:37:13+00:00","og_image":[{"width":320,"height":240,"url":"https:\/\/marcoair.sk\/wp-content\/uploads\/2023\/12\/FFS-A320-CATC-Praha-2023.jpg","type":"image\/jpeg"}],"twitter_card":"summary_large_image","twitter_misc":{"Est. reading time":"1 minute"},"schema":{"@context":"https:\/\/schema.org","@graph":[{"@type":"WebPage","@id":"https:\/\/marcoair.sk\/en\/produkt\/airline-simulator-assessment-preparation-airbus-a320\/","url":"https:\/\/marcoair.sk\/en\/produkt\/airline-simulator-assessment-preparation-airbus-a320\/","name":"Airline Simulator Assessment Preparation - Airbus A320 - Marco Air","isPartOf":{"@id":"https:\/\/marcoair.sk\/#website"},"primaryImageOfPage":{"@id":"https:\/\/marcoair.sk\/en\/produkt\/airline-simulator-assessment-preparation-airbus-a320\/#primaryimage"},"image":{"@id":"https:\/\/marcoair.sk\/en\/produkt\/airline-simulator-assessment-preparation-airbus-a320\/#primaryimage"},"thumbnailUrl":"https:\/\/marcoair.sk\/wp-content\/uploads\/2023\/12\/FFS-A320-CATC-Praha-2023.jpg","datePublished":"2024-08-08T11:11:00+00:00","dateModified":"2024-12-16T19:37:13+00:00","description":"Airline Simulator Assessment Preparation - Airbus A320 - Marco Air","breadcrumb":{"@id":"https:\/\/marcoair.sk\/en\/produkt\/airline-simulator-assessment-preparation-airbus-a320\/#breadcrumb"},"inLanguage":"en-US","potentialAction":[{"@type":"ReadAction","target":["https:\/\/marcoair.sk\/en\/produkt\/airline-simulator-assessment-preparation-airbus-a320\/"]}]},{"@type":"ImageObject","inLanguage":"en-US","@id":"https:\/\/marcoair.sk\/en\/produkt\/airline-simulator-assessment-preparation-airbus-a320\/#primaryimage","url":"https:\/\/marcoair.sk\/wp-content\/uploads\/2023\/12\/FFS-A320-CATC-Praha-2023.jpg","contentUrl":"https:\/\/marcoair.sk\/wp-content\/uploads\/2023\/12\/FFS-A320-CATC-Praha-2023.jpg","width":320,"height":240,"caption":"FFS A320 CATC Praha 2023"},{"@type":"BreadcrumbList","@id":"https:\/\/marcoair.sk\/en\/produkt\/airline-simulator-assessment-preparation-airbus-a320\/#breadcrumb","itemListElement":[{"@type":"ListItem","position":1,"name":"Domovsk\u00e1 str\u00e1nka","item":"https:\/\/marcoair.sk\/en\/elementor-4371\/"},{"@type":"ListItem","position":2,"name":"Sightseeing flight","item":"https:\/\/marcoair.sk\/en\/sightseeing-flight\/"},{"@type":"ListItem","position":3,"name":"Airline Simulator Assessment Preparation &#8211; Airbus A320"}]},{"@type":"WebSite","@id":"https:\/\/marcoair.sk\/#website","url":"https:\/\/marcoair.sk\/","name":"Marco Air","description":"Cost sharing flights","publisher":{"@id":"https:\/\/marcoair.sk\/#organization"},"potentialAction":[{"@type":"SearchAction","target":{"@type":"EntryPoint","urlTemplate":"https:\/\/marcoair.sk\/?s={search_term_string}"},"query-input":{"@type":"PropertyValueSpecification","valueRequired":true,"valueName":"search_term_string"}}],"inLanguage":"en-US"},{"@type":"Organization","@id":"https:\/\/marcoair.sk\/#organization","name":"Marco Air","url":"https:\/\/marcoair.sk\/","logo":{"@type":"ImageObject","inLanguage":"en-US","@id":"https:\/\/marcoair.sk\/#\/schema\/logo\/image\/","url":"https:\/\/marcoair.sk\/wp-content\/uploads\/2023\/03\/Marco-Air-logo.png","contentUrl":"https:\/\/marcoair.sk\/wp-content\/uploads\/2023\/03\/Marco-Air-logo.png","width":150,"height":79,"caption":"Marco Air"},"image":{"@id":"https:\/\/marcoair.sk\/#\/schema\/logo\/image\/"},"sameAs":["https:\/\/www.instagram.com\/dobrodruznelety\/"]}]}},"_links":{"self":[{"href":"https:\/\/marcoair.sk\/en\/wp-json\/wp\/v2\/product\/11102","targetHints":{"allow":["GET"]}}],"collection":[{"href":"https:\/\/marcoair.sk\/en\/wp-json\/wp\/v2\/product"}],"about":[{"href":"https:\/\/marcoair.sk\/en\/wp-json\/wp\/v2\/types\/product"}],"replies":[{"embeddable":true,"href":"https:\/\/marcoair.sk\/en\/wp-json\/wp\/v2\/comments?post=11102"}],"wp:featuredmedia":[{"embeddable":true,"href":"https:\/\/marcoair.sk\/en\/wp-json\/wp\/v2\/media\/8921"}],"wp:attachment":[{"href":"https:\/\/marcoair.sk\/en\/wp-json\/wp\/v2\/media?parent=11102"}],"wp:term":[{"taxonomy":"product_brand","embeddable":true,"href":"https:\/\/marcoair.sk\/en\/wp-json\/wp\/v2\/product_brand?post=11102"},{"taxonomy":"product_cat","embeddable":true,"href":"https:\/\/marcoair.sk\/en\/wp-json\/wp\/v2\/product_cat?post=11102"},{"taxonomy":"product_tag","embeddable":true,"href":"https:\/\/marcoair.sk\/en\/wp-json\/wp\/v2\/product_tag?post=11102"}],"curies":[{"name":"wp","href":"https:\/\/api.w.org\/{rel}","templated":true}]}}