{"id":12563,"date":"2025-04-07T16:39:45","date_gmt":"2025-04-07T14:39:45","guid":{"rendered":"https:\/\/marcoair.sk\/?page_id=12563"},"modified":"2025-04-08T18:23:46","modified_gmt":"2025-04-08T16:23:46","slug":"letecke-zazitky","status":"publish","type":"page","link":"https:\/\/marcoair.sk\/en\/letecke-zazitky\/","title":{"rendered":"Leteck\u00e9 z\u00e1\u017eitky"},"content":{"rendered":"\t\t<div data-elementor-type=\"wp-page\" data-elementor-id=\"12563\" class=\"elementor elementor-12563\" data-elementor-post-type=\"page\">\n\t\t\t\t\t\t<section class=\"elementor-section elementor-top-section elementor-element elementor-element-af132a6 elementor-section-boxed elementor-section-height-default elementor-section-height-default\" data-id=\"af132a6\" data-element_type=\"section\">\r\n\t\t\r\n\t\t\t\t\t\t\t<div class=\"elementor-container elementor-column-gap-default\">\r\n\t\t\t\t\t\t\t\t\t\t\t<div class=\"elementor-column elementor-col-100 elementor-top-column elementor-element elementor-element-0827bf5\" data-id=\"0827bf5\" data-element_type=\"column\">\r\n\t\t\t\t\t<div class=\"elementor-widget-wrap elementor-element-populated\">\r\n\t\t\t\t\t\t\t\t<div class=\"elementor-element elementor-element-12bf7d1 elementor-widget elementor-widget-text-editor\" data-id=\"12bf7d1\" data-element_type=\"widget\" data-widget_type=\"text-editor.default\">\n\t\t\t\t<div class=\"elementor-widget-container\">\n\t\t\t\t\t\t\t\t\t<h1><strong data-start=\"68\" data-end=\"106\">Vyhliadkov\u00e9 lety a leteck\u00e9 z\u00e1\u017eitky<\/strong><\/h1>\n<h1 style=\"--porto-h1-ff: &quot;Poppins&quot;; --porto-h1-fw: 400; --porto-h1-fs: 36px; --porto-h1-lh: 44px; --porto-h1-ls: normal; --porto-h1-color: #222529; font-size: 1rem; font-style: normal; font-variant-caps: normal; color: rgb(30, 58, 138);\">\n<p data-start=\"108\" data-end=\"169\" style=\"letter-spacing: normal; caret-color: rgb(0, 0, 0); color: rgb(0, 0, 0);\">\ud83c\udf81&nbsp;<strong data-start=\"111\" data-end=\"169\">Daruj euforick\u00fd pocit v pr\u00edtomnosti nekone\u010dnej oblohy.<\/strong><\/p>\n<p data-start=\"171\" data-end=\"255\" style=\"letter-spacing: normal; caret-color: rgb(0, 0, 0); color: rgb(0, 0, 0);\">\ud83d\udeeb&nbsp;<strong data-start=\"174\" data-end=\"255\">Objav svet lietania s Marco Air a vychutnaj si jedine\u010dn\u00fa perspekt\u00edvu krajiny.&nbsp;<\/strong><\/p>\n<p><span style=\"letter-spacing: normal; caret-color: rgb(0, 0, 0); color: rgb(0, 0, 0); font-size: medium;\">Vyhliadkov\u00e9 lety lietadlom alebo vetro\u0148om v\u00e1s zaved\u00fa do t\u00fdch najkraj\u0161\u00edch k\u00fatov Slovenska.&nbsp;<\/span><span style=\"caret-color: rgb(0, 0, 0); color: rgb(0, 0, 0); font-size: medium; letter-spacing: normal;\">Prele\u0165te sa nad historick\u00fdmi mestami ako Bratislava, Tren\u010d\u00edn a Ko\u0161ice, alebo sa nechajte o\u010dari\u0165&nbsp;<\/span><span style=\"letter-spacing: normal; caret-color: rgb(0, 0, 0); color: rgb(0, 0, 0); font-size: medium;\">kr\u00e1sou Spi\u0161a a majest\u00e1tnymi Tatrami<\/span><span style=\"caret-color: rgb(0, 0, 0); color: rgb(0, 0, 0); font-size: medium; letter-spacing: normal;\">&nbsp;a malebn\u00fdmi dolinami v okol\u00ed \u017diliny.<\/span><\/p>\n<\/h1>\t\t\t\t\t\t\t\t<\/div>\n\t\t\t\t<\/div>\n\t\t\t\t\t<\/div>\r\n\t\t\t\t<\/div>\r\n\t\t\t\t\t<\/div>\r\n\t\t\t\t<\/section>\r\n\t\t\t\t<section class=\"elementor-section elementor-top-section elementor-element elementor-element-be4efb7 elementor-section-boxed elementor-section-height-default elementor-section-height-default\" data-id=\"be4efb7\" data-element_type=\"section\">\r\n\t\t\r\n\t\t\t\t\t\t\t<div class=\"elementor-container elementor-column-gap-default\">\r\n\t\t\t\t\t\t\t\t\t\t\t<div class=\"elementor-column elementor-col-100 elementor-top-column elementor-element elementor-element-59c338f\" data-id=\"59c338f\" data-element_type=\"column\">\r\n\t\t\t\t\t<div class=\"elementor-widget-wrap elementor-element-populated\">\r\n\t\t\t\t\t\t\t\t<div class=\"elementor-element elementor-element-6f68980 elementor-widget elementor-widget-porto_one_page_category_products\" data-id=\"6f68980\" data-element_type=\"widget\" data-widget_type=\"porto_one_page_category_products.default\">\n\t\t\t\t<div class=\"elementor-widget-container\">\n\t\t\t\t\t<div class=\"porto-onepage-category show-products ajax-load\"><nav class=\"category-list\"><ul class=\"product-cats\" data-plugin-sticky data-plugin-options=\"{&quot;autoInit&quot;: true, &quot;minWidth&quot;: 768, &quot;containerSelector&quot;: &quot;.porto-onepage-category&quot;,&quot;autoFit&quot;:true, &quot;paddingOffsetTop&quot;: 1}\"><li><a class=\"nav-link sightseeing-flights-aeroplane\" href=\"#category-sightseeing-flights-aeroplane\" data-cat_id=\"sightseeing-flights-aeroplane\"><span class=\"category-icon\"><img decoding=\"async\" src=\"https:\/\/marcoair.sk\/wp-content\/uploads\/2025\/04\/Vyhliadkovy-let_Marco_Air-150x150.jpg\" alt=\"Sightseeing Flights Aeroplane\" width=\"150\" height=\"150\" \/><\/span><span class=\"category-title\">Sightseeing Flights Aeroplane<\/span><\/a><\/li><\/ul><\/nav><div class=\"category-details\"><form class=\"ajax-form d-none\"><input type=\"hidden\" name=\"count\" value=\"\" ><input type=\"hidden\" name=\"orderby\" value=\"popularity\" ><input type=\"hidden\" name=\"order\" value=\"\" ><input type=\"hidden\" name=\"columns\" value=\"4\" ><input type=\"hidden\" name=\"view\" value=\"grid\" ><input type=\"hidden\" name=\"navigation\" value=\"\" ><input type=\"hidden\" name=\"pagination\" value=\"\" ><input type=\"hidden\" name=\"dots_style\" value=\"dots-style-1\" ><\/form><section id=\"category-sightseeing-flights-aeroplane\" class=\"category-section ajax-loaded\"><div class=\"category-title\"><div class=\"dropdown\"><h4 class=\"cat-title dropdown-toggle\" data-display=\"static\" data-bs-toggle=\"dropdown\" aria-expanded=\"false\"><span>Sightseeing Flights Aeroplane<\/span><\/h4><\/div><div class=\"category-link\"><a href=\"https:\/\/marcoair.sk\/en\/product-category\/sightseeing-flights-aeroplane\/\" class=\"btn btn-modern btn-dark\">View All<\/a><\/div><\/div><div id=\"porto-products-9e0c4dee1f2f2fd12506a77038e0d92c\" class=\"porto-products wpb_content_element theme_option\"><div class=\"woocommerce columns-4 \"><ul class=\"products products-container grid show-nav-middle pcols-lg-4 pcols-md-3 pcols-xs-2 pcols-ls-1 pwidth-lg-4 pwidth-md-3 pwidth-xs-2 pwidth-ls-1 is-shortcode\"\r\n\t data-product_layout=\"product-wq_onimage\">\r\n\r\n<li class=\"product-col product-wq_onimage product type-product post-7024 status-publish first instock product_cat-sightseeing-flights-aeroplane product_tag-tatry-en product_tag-vyhliadkovy-let-tatry-poprad-en has-post-thumbnail product-type-variable has-default-attributes\">\r\n<div class=\"product-inner\">\r\n\t\r\n\t<div class=\"product-image\">\r\n\r\n\t\t<a  href=\"https:\/\/marcoair.sk\/en\/produkt\/sightseeing-flight-high-tatras-poprad\/\" aria-label=\"product\">\r\n\t\t\t<div class=\"inner img-effect\"><img fetchpriority=\"high\" decoding=\"async\" width=\"300\" height=\"457\" src=\"https:\/\/marcoair.sk\/wp-content\/uploads\/2024\/02\/Vyhliadkovy-let_Marco_Air-300x457.jpg\" class=\"attachment-woocommerce_thumbnail size-woocommerce_thumbnail\" alt=\"Vyhliadkov\u00fd let Marco Air\" \/><img decoding=\"async\" width=\"300\" height=\"457\" src=\"https:\/\/marcoair.sk\/wp-content\/uploads\/2023\/12\/Piper-Seneca-let-ponad-Vysoke-Tatry-300x457.jpeg\" class=\"hover-image\" alt=\"Piper Seneca let ponad Vysok\u00e9 Tatry\" \/><\/div>\t\t<\/a>\r\n\t\t\t<div class=\"links-on-image\">\r\n\t\t\t<div class=\"add-links-wrap\">\r\n\t<div class=\"add-links clearfix\">\r\n\t\t<a href=\"https:\/\/marcoair.sk\/en\/produkt\/sightseeing-flight-high-tatras-poprad\/\" aria-describedby=\"woocommerce_loop_add_to_cart_link_describedby_7024\" data-quantity=\"1\" class=\"viewcart-style-2 button product_type_variable add_to_cart_read_more\" data-product_id=\"7024\" data-product_sku=\"\" aria-label=\"Select options for &ldquo;Sightseeing Flight High Tatra mountains Poprad for 1-5 persons&rdquo;\" rel=\"nofollow\">Read more<\/a>\t\t<span id=\"woocommerce_loop_add_to_cart_link_describedby_7024\" class=\"screen-reader-text\">\r\n\t\t\t<\/span>\r\n\t\t<div class=\"quickview\" data-id=\"7024\" title=\"Detail\">Detail<\/div>\t<\/div>\r\n\t<\/div>\r\n\t\t<\/div>\r\n\t\t\t<\/div>\r\n\r\n\t<div class=\"product-content\">\r\n\t\t<span class=\"category-list\"><a href=\"https:\/\/marcoair.sk\/en\/product-category\/sightseeing-flights-aeroplane\/\" rel=\"tag\">Sightseeing Flights Aeroplane<\/a><\/span>\r\n\t\t\t<a class=\"product-loop-title\"  href=\"https:\/\/marcoair.sk\/en\/produkt\/sightseeing-flight-high-tatras-poprad\/\">\r\n\t<h3 class=\"woocommerce-loop-product__title\">Sightseeing Flight High Tatra mountains Poprad for 1-5 persons<\/h3>\t<\/a>\r\n\t\r\n\t\t\r\n\r\n<div class=\"rating-wrap\">\r\n\t<div class=\"rating-content\"><div class=\"star-rating\" title=\"5.00\"><span style=\"width:100%\"><strong class=\"rating\">5.00<\/strong> out of 5<\/span><\/div><\/div>\r\n<\/div>\r\n\r\n\n\t<span class=\"price\"><span class=\"woocommerce-Price-amount amount\"><bdi>89&nbsp;<span class=\"woocommerce-Price-currencySymbol\">&euro;<\/span><\/bdi><\/span> &ndash; <span class=\"woocommerce-Price-amount amount\"><bdi>599&nbsp;<span class=\"woocommerce-Price-currencySymbol\">&euro;<\/span><\/bdi><\/span><\/span>\n\r\n\t\t<div class=\"add-links-wrap\">\r\n\t<div class=\"add-links clearfix\">\r\n\t\t<a href=\"https:\/\/marcoair.sk\/en\/produkt\/sightseeing-flight-high-tatras-poprad\/\" aria-describedby=\"woocommerce_loop_add_to_cart_link_describedby_7024\" data-quantity=\"1\" class=\"viewcart-style-2 button product_type_variable add_to_cart_read_more\" data-product_id=\"7024\" data-product_sku=\"\" aria-label=\"Select options for &ldquo;Sightseeing Flight High Tatra mountains Poprad for 1-5 persons&rdquo;\" rel=\"nofollow\">Read more<\/a>\t\t<span id=\"woocommerce_loop_add_to_cart_link_describedby_7024\" class=\"screen-reader-text\">\r\n\t\t\t<\/span>\r\n\t\t<div class=\"quickview\" data-id=\"7024\" title=\"Detail\">Detail<\/div>\t<\/div>\r\n\t<\/div>\r\n\t<\/div>\r\n<\/div>\r\n\r\n<\/li>\r\n\r\n<li class=\"product-col product-wq_onimage product type-product post-11298 status-publish instock product_cat-sightseeing-flights-aeroplane product_tag-trencin-en has-post-thumbnail product-type-variable has-default-attributes\">\r\n<div class=\"product-inner\">\r\n\t\r\n\t<div class=\"product-image\">\r\n\r\n\t\t<a  href=\"https:\/\/marcoair.sk\/en\/produkt\/trencin-sightseeing-flight-from-trencin\/\" aria-label=\"product\">\r\n\t\t\t<div class=\"inner img-effect\"><img loading=\"lazy\" decoding=\"async\" width=\"300\" height=\"457\" src=\"https:\/\/marcoair.sk\/wp-content\/uploads\/2024\/12\/Vyhliadkovy-let-z-Trencina-Trenciansky-hrad-300x457.jpg\" class=\"attachment-woocommerce_thumbnail size-woocommerce_thumbnail\" alt=\"Vyhliadkov\u00fd let z Tren\u010d\u00edna Tren\u010diansky hrad\" \/><img loading=\"lazy\" decoding=\"async\" width=\"300\" height=\"457\" src=\"https:\/\/marcoair.sk\/wp-content\/uploads\/2024\/12\/Vyhliadkovy-let-z-Trencina-Marco-Air-300x457.jpg\" class=\"hover-image\" alt=\"Vyhliadkov\u00fd let z Tren\u010d\u00edna Marco Air\" \/><\/div>\t\t<\/a>\r\n\t\t\t<div class=\"links-on-image\">\r\n\t\t\t<div class=\"add-links-wrap\">\r\n\t<div class=\"add-links clearfix\">\r\n\t\t<a href=\"https:\/\/marcoair.sk\/en\/produkt\/trencin-sightseeing-flight-from-trencin\/\" aria-describedby=\"woocommerce_loop_add_to_cart_link_describedby_11298\" data-quantity=\"1\" class=\"viewcart-style-2 button product_type_variable add_to_cart_read_more\" data-product_id=\"11298\" data-product_sku=\"\" aria-label=\"Select options for &ldquo;Trencin: Sightseeing Flight from Trencin for 1 - 3 persons&rdquo;\" rel=\"nofollow\">Read more<\/a>\t\t<span id=\"woocommerce_loop_add_to_cart_link_describedby_11298\" class=\"screen-reader-text\">\r\n\t\t\t<\/span>\r\n\t\t<div class=\"quickview\" data-id=\"11298\" title=\"Detail\">Detail<\/div>\t<\/div>\r\n\t<\/div>\r\n\t\t<\/div>\r\n\t\t\t<\/div>\r\n\r\n\t<div class=\"product-content\">\r\n\t\t<span class=\"category-list\"><a href=\"https:\/\/marcoair.sk\/en\/product-category\/sightseeing-flights-aeroplane\/\" rel=\"tag\">Sightseeing Flights Aeroplane<\/a><\/span>\r\n\t\t\t<a class=\"product-loop-title\"  href=\"https:\/\/marcoair.sk\/en\/produkt\/trencin-sightseeing-flight-from-trencin\/\">\r\n\t<h3 class=\"woocommerce-loop-product__title\">Trencin: Sightseeing Flight from Trencin for 1 &#8211; 3 persons<\/h3>\t<\/a>\r\n\t\r\n\t\t\r\n\r\n<div class=\"rating-wrap\">\r\n\t<div class=\"rating-content\"><div class=\"star-rating\" title=\"5.00\"><span style=\"width:100%\"><strong class=\"rating\">5.00<\/strong> out of 5<\/span><\/div><\/div>\r\n<\/div>\r\n\r\n\n\t<span class=\"price\"><span class=\"woocommerce-Price-amount amount\"><bdi>149&nbsp;<span class=\"woocommerce-Price-currencySymbol\">&euro;<\/span><\/bdi><\/span> &ndash; <span class=\"woocommerce-Price-amount amount\"><bdi>659&nbsp;<span class=\"woocommerce-Price-currencySymbol\">&euro;<\/span><\/bdi><\/span><\/span>\n\r\n\t\t<div class=\"add-links-wrap\">\r\n\t<div class=\"add-links clearfix\">\r\n\t\t<a href=\"https:\/\/marcoair.sk\/en\/produkt\/trencin-sightseeing-flight-from-trencin\/\" aria-describedby=\"woocommerce_loop_add_to_cart_link_describedby_11298\" data-quantity=\"1\" class=\"viewcart-style-2 button product_type_variable add_to_cart_read_more\" data-product_id=\"11298\" data-product_sku=\"\" aria-label=\"Select options for &ldquo;Trencin: Sightseeing Flight from Trencin for 1 - 3 persons&rdquo;\" rel=\"nofollow\">Read more<\/a>\t\t<span id=\"woocommerce_loop_add_to_cart_link_describedby_11298\" class=\"screen-reader-text\">\r\n\t\t\t<\/span>\r\n\t\t<div class=\"quickview\" data-id=\"11298\" title=\"Detail\">Detail<\/div>\t<\/div>\r\n\t<\/div>\r\n\t<\/div>\r\n<\/div>\r\n\r\n<\/li>\r\n<\/ul>\r\n<\/div><\/div><div class=\"category-description\"><h1>Sightseeing Flights with Aeroplane<\/h1>\r\nExperience sightseeing flights with local pilots. Unique and exciting gifts for your loved ones or yourself.\r\n<h3>Choose your adventure<\/h3><\/div><\/section><\/div><\/div>\t\t\t\t<\/div>\n\t\t\t\t<\/div>\n\t\t\t\t\t<\/div>\r\n\t\t\t\t<\/div>\r\n\t\t\t\t\t<\/div>\r\n\t\t\t\t<\/section>\r\n\t\t\t\t<\/div>\n\t\t","protected":false},"excerpt":{"rendered":"<p>Vyhliadkov\u00e9 lety a leteck\u00e9 z\u00e1\u017eitky \ud83c\udf81&nbsp;Daruj euforick\u00fd pocit v pr\u00edtomnosti nekone\u010dnej oblohy. \ud83d\udeeb&nbsp;Objav svet lietania s Marco Air a vychutnaj si jedine\u010dn\u00fa perspekt\u00edvu krajiny.&nbsp; Vyhliadkov\u00e9 lety lietadlom alebo vetro\u0148om v\u00e1s zaved\u00fa do t\u00fdch najkraj\u0161\u00edch k\u00fatov Slovenska.&nbsp;Prele\u0165te sa nad historick\u00fdmi mestami ako Bratislava, Tren\u010d\u00edn a Ko\u0161ice, alebo sa nechajte o\u010dari\u0165&nbsp;kr\u00e1sou Spi\u0161a a majest\u00e1tnymi Tatrami&nbsp;a malebn\u00fdmi dolinami [&hellip;]<\/p>\n","protected":false},"author":1,"featured_media":0,"parent":0,"menu_order":0,"comment_status":"closed","ping_status":"closed","template":"","meta":{"_bbp_topic_count":0,"_bbp_reply_count":0,"_bbp_total_topic_count":0,"_bbp_total_reply_count":0,"_bbp_voice_count":0,"_bbp_anonymous_reply_count":0,"_bbp_topic_count_hidden":0,"_bbp_reply_count_hidden":0,"_bbp_forum_subforum_count":0,"footnotes":""},"class_list":["post-12563","page","type-page","status-publish","hentry"],"yoast_head":"<!-- This site is optimized with the Yoast SEO plugin v24.7 - https:\/\/yoast.com\/wordpress\/plugins\/seo\/ -->\n<title>Vyhliadkov\u00e9 lety a leteck\u00e9 z\u00e1\u017eitky Marco Air<\/title>\n<meta name=\"description\" content=\"Vyhliadkov\u00e9 lety lietadlom alebo vetro\u0148om ponad najkraj\u0161ie k\u00faty Slovenska. Prele\u0165te sa ponad Bratislavu, Tren\u010d\u00edn, Ko\u0161ice, \u017dilinu, nechajte sa o\u010dari\u0165 kr\u00e1sou Spi\u0161a a majest\u00e1tnymi Tatrami\" \/>\n<meta name=\"robots\" content=\"index, follow, max-snippet:-1, max-image-preview:large, max-video-preview:-1\" \/>\n<link rel=\"canonical\" href=\"https:\/\/marcoair.sk\/letecke-zazitky\/\" \/>\n<meta property=\"og:locale\" content=\"en_US\" \/>\n<meta property=\"og:type\" content=\"article\" \/>\n<meta property=\"og:title\" content=\"Vyhliadkov\u00e9 lety a leteck\u00e9 z\u00e1\u017eitky Marco Air\" \/>\n<meta property=\"og:description\" content=\"Vyhliadkov\u00e9 lety lietadlom alebo vetro\u0148om ponad najkraj\u0161ie k\u00faty Slovenska. Prele\u0165te sa ponad Bratislavu, Tren\u010d\u00edn, Ko\u0161ice, \u017dilinu, nechajte sa o\u010dari\u0165 kr\u00e1sou Spi\u0161a a majest\u00e1tnymi Tatrami\" \/>\n<meta property=\"og:url\" content=\"https:\/\/marcoair.sk\/letecke-zazitky\/\" \/>\n<meta property=\"og:site_name\" content=\"Marco Air\" \/>\n<meta property=\"article:modified_time\" content=\"2025-04-08T16:23:46+00:00\" \/>\n<meta property=\"og:image\" content=\"https:\/\/marcoair.sk\/wp-content\/uploads\/2025\/04\/Vyhliadkovy-let_Marco_Air-150x150.jpg\" \/>\n<meta name=\"twitter:card\" content=\"summary_large_image\" \/>\n<meta name=\"twitter:label1\" content=\"Est. reading time\" \/>\n\t<meta name=\"twitter:data1\" content=\"8 minutes\" \/>\n<script type=\"application\/ld+json\" class=\"yoast-schema-graph\">{\"@context\":\"https:\/\/schema.org\",\"@graph\":[{\"@type\":\"WebPage\",\"@id\":\"https:\/\/marcoair.sk\/letecke-zazitky\/\",\"url\":\"https:\/\/marcoair.sk\/letecke-zazitky\/\",\"name\":\"Vyhliadkov\u00e9 lety a leteck\u00e9 z\u00e1\u017eitky Marco Air\",\"isPartOf\":{\"@id\":\"https:\/\/marcoair.sk\/#website\"},\"primaryImageOfPage\":{\"@id\":\"https:\/\/marcoair.sk\/letecke-zazitky\/#primaryimage\"},\"image\":{\"@id\":\"https:\/\/marcoair.sk\/letecke-zazitky\/#primaryimage\"},\"thumbnailUrl\":\"https:\/\/marcoair.sk\/wp-content\/uploads\/2025\/04\/Vyhliadkovy-let_Marco_Air-150x150.jpg\",\"datePublished\":\"2025-04-07T14:39:45+00:00\",\"dateModified\":\"2025-04-08T16:23:46+00:00\",\"description\":\"Vyhliadkov\u00e9 lety lietadlom alebo vetro\u0148om ponad najkraj\u0161ie k\u00faty Slovenska. Prele\u0165te sa ponad Bratislavu, Tren\u010d\u00edn, Ko\u0161ice, \u017dilinu, nechajte sa o\u010dari\u0165 kr\u00e1sou Spi\u0161a a majest\u00e1tnymi Tatrami\",\"breadcrumb\":{\"@id\":\"https:\/\/marcoair.sk\/letecke-zazitky\/#breadcrumb\"},\"inLanguage\":\"en-US\",\"potentialAction\":[{\"@type\":\"ReadAction\",\"target\":[\"https:\/\/marcoair.sk\/letecke-zazitky\/\"]}]},{\"@type\":\"ImageObject\",\"inLanguage\":\"en-US\",\"@id\":\"https:\/\/marcoair.sk\/letecke-zazitky\/#primaryimage\",\"url\":\"https:\/\/marcoair.sk\/wp-content\/uploads\/2025\/04\/Vyhliadkovy-let_Marco_Air-150x150.jpg\",\"contentUrl\":\"https:\/\/marcoair.sk\/wp-content\/uploads\/2025\/04\/Vyhliadkovy-let_Marco_Air-150x150.jpg\"},{\"@type\":\"BreadcrumbList\",\"@id\":\"https:\/\/marcoair.sk\/letecke-zazitky\/#breadcrumb\",\"itemListElement\":[{\"@type\":\"ListItem\",\"position\":1,\"name\":\"Domovsk\u00e1 str\u00e1nka\",\"item\":\"https:\/\/marcoair.sk\/en\/elementor-4371\/\"},{\"@type\":\"ListItem\",\"position\":2,\"name\":\"Leteck\u00e9 z\u00e1\u017eitky\"}]},{\"@type\":\"WebSite\",\"@id\":\"https:\/\/marcoair.sk\/#website\",\"url\":\"https:\/\/marcoair.sk\/\",\"name\":\"Marco Air\",\"description\":\"Cost sharing flights\",\"publisher\":{\"@id\":\"https:\/\/marcoair.sk\/#organization\"},\"potentialAction\":[{\"@type\":\"SearchAction\",\"target\":{\"@type\":\"EntryPoint\",\"urlTemplate\":\"https:\/\/marcoair.sk\/?s={search_term_string}\"},\"query-input\":{\"@type\":\"PropertyValueSpecification\",\"valueRequired\":true,\"valueName\":\"search_term_string\"}}],\"inLanguage\":\"en-US\"},{\"@type\":\"Organization\",\"@id\":\"https:\/\/marcoair.sk\/#organization\",\"name\":\"Marco Air\",\"url\":\"https:\/\/marcoair.sk\/\",\"logo\":{\"@type\":\"ImageObject\",\"inLanguage\":\"en-US\",\"@id\":\"https:\/\/marcoair.sk\/#\/schema\/logo\/image\/\",\"url\":\"https:\/\/marcoair.sk\/wp-content\/uploads\/2023\/03\/Marco-Air-logo.png\",\"contentUrl\":\"https:\/\/marcoair.sk\/wp-content\/uploads\/2023\/03\/Marco-Air-logo.png\",\"width\":150,\"height\":79,\"caption\":\"Marco Air\"},\"image\":{\"@id\":\"https:\/\/marcoair.sk\/#\/schema\/logo\/image\/\"},\"sameAs\":[\"https:\/\/www.instagram.com\/dobrodruznelety\/\"]}]}<\/script>\n<!-- \/ Yoast SEO plugin. -->","yoast_head_json":{"title":"Vyhliadkov\u00e9 lety a leteck\u00e9 z\u00e1\u017eitky Marco Air","description":"Vyhliadkov\u00e9 lety lietadlom alebo vetro\u0148om ponad najkraj\u0161ie k\u00faty Slovenska. Prele\u0165te sa ponad Bratislavu, Tren\u010d\u00edn, Ko\u0161ice, \u017dilinu, nechajte sa o\u010dari\u0165 kr\u00e1sou Spi\u0161a a majest\u00e1tnymi Tatrami","robots":{"index":"index","follow":"follow","max-snippet":"max-snippet:-1","max-image-preview":"max-image-preview:large","max-video-preview":"max-video-preview:-1"},"canonical":"https:\/\/marcoair.sk\/letecke-zazitky\/","og_locale":"en_US","og_type":"article","og_title":"Vyhliadkov\u00e9 lety a leteck\u00e9 z\u00e1\u017eitky Marco Air","og_description":"Vyhliadkov\u00e9 lety lietadlom alebo vetro\u0148om ponad najkraj\u0161ie k\u00faty Slovenska. Prele\u0165te sa ponad Bratislavu, Tren\u010d\u00edn, Ko\u0161ice, \u017dilinu, nechajte sa o\u010dari\u0165 kr\u00e1sou Spi\u0161a a majest\u00e1tnymi Tatrami","og_url":"https:\/\/marcoair.sk\/letecke-zazitky\/","og_site_name":"Marco Air","article_modified_time":"2025-04-08T16:23:46+00:00","og_image":[{"url":"https:\/\/marcoair.sk\/wp-content\/uploads\/2025\/04\/Vyhliadkovy-let_Marco_Air-150x150.jpg","type":"","width":"","height":""}],"twitter_card":"summary_large_image","twitter_misc":{"Est. reading time":"8 minutes"},"schema":{"@context":"https:\/\/schema.org","@graph":[{"@type":"WebPage","@id":"https:\/\/marcoair.sk\/letecke-zazitky\/","url":"https:\/\/marcoair.sk\/letecke-zazitky\/","name":"Vyhliadkov\u00e9 lety a leteck\u00e9 z\u00e1\u017eitky Marco Air","isPartOf":{"@id":"https:\/\/marcoair.sk\/#website"},"primaryImageOfPage":{"@id":"https:\/\/marcoair.sk\/letecke-zazitky\/#primaryimage"},"image":{"@id":"https:\/\/marcoair.sk\/letecke-zazitky\/#primaryimage"},"thumbnailUrl":"https:\/\/marcoair.sk\/wp-content\/uploads\/2025\/04\/Vyhliadkovy-let_Marco_Air-150x150.jpg","datePublished":"2025-04-07T14:39:45+00:00","dateModified":"2025-04-08T16:23:46+00:00","description":"Vyhliadkov\u00e9 lety lietadlom alebo vetro\u0148om ponad najkraj\u0161ie k\u00faty Slovenska. Prele\u0165te sa ponad Bratislavu, Tren\u010d\u00edn, Ko\u0161ice, \u017dilinu, nechajte sa o\u010dari\u0165 kr\u00e1sou Spi\u0161a a majest\u00e1tnymi Tatrami","breadcrumb":{"@id":"https:\/\/marcoair.sk\/letecke-zazitky\/#breadcrumb"},"inLanguage":"en-US","potentialAction":[{"@type":"ReadAction","target":["https:\/\/marcoair.sk\/letecke-zazitky\/"]}]},{"@type":"ImageObject","inLanguage":"en-US","@id":"https:\/\/marcoair.sk\/letecke-zazitky\/#primaryimage","url":"https:\/\/marcoair.sk\/wp-content\/uploads\/2025\/04\/Vyhliadkovy-let_Marco_Air-150x150.jpg","contentUrl":"https:\/\/marcoair.sk\/wp-content\/uploads\/2025\/04\/Vyhliadkovy-let_Marco_Air-150x150.jpg"},{"@type":"BreadcrumbList","@id":"https:\/\/marcoair.sk\/letecke-zazitky\/#breadcrumb","itemListElement":[{"@type":"ListItem","position":1,"name":"Domovsk\u00e1 str\u00e1nka","item":"https:\/\/marcoair.sk\/en\/elementor-4371\/"},{"@type":"ListItem","position":2,"name":"Leteck\u00e9 z\u00e1\u017eitky"}]},{"@type":"WebSite","@id":"https:\/\/marcoair.sk\/#website","url":"https:\/\/marcoair.sk\/","name":"Marco Air","description":"Cost sharing flights","publisher":{"@id":"https:\/\/marcoair.sk\/#organization"},"potentialAction":[{"@type":"SearchAction","target":{"@type":"EntryPoint","urlTemplate":"https:\/\/marcoair.sk\/?s={search_term_string}"},"query-input":{"@type":"PropertyValueSpecification","valueRequired":true,"valueName":"search_term_string"}}],"inLanguage":"en-US"},{"@type":"Organization","@id":"https:\/\/marcoair.sk\/#organization","name":"Marco Air","url":"https:\/\/marcoair.sk\/","logo":{"@type":"ImageObject","inLanguage":"en-US","@id":"https:\/\/marcoair.sk\/#\/schema\/logo\/image\/","url":"https:\/\/marcoair.sk\/wp-content\/uploads\/2023\/03\/Marco-Air-logo.png","contentUrl":"https:\/\/marcoair.sk\/wp-content\/uploads\/2023\/03\/Marco-Air-logo.png","width":150,"height":79,"caption":"Marco Air"},"image":{"@id":"https:\/\/marcoair.sk\/#\/schema\/logo\/image\/"},"sameAs":["https:\/\/www.instagram.com\/dobrodruznelety\/"]}]}},"_links":{"self":[{"href":"https:\/\/marcoair.sk\/en\/wp-json\/wp\/v2\/pages\/12563","targetHints":{"allow":["GET"]}}],"collection":[{"href":"https:\/\/marcoair.sk\/en\/wp-json\/wp\/v2\/pages"}],"about":[{"href":"https:\/\/marcoair.sk\/en\/wp-json\/wp\/v2\/types\/page"}],"author":[{"embeddable":true,"href":"https:\/\/marcoair.sk\/en\/wp-json\/wp\/v2\/users\/1"}],"replies":[{"embeddable":true,"href":"https:\/\/marcoair.sk\/en\/wp-json\/wp\/v2\/comments?post=12563"}],"version-history":[{"count":25,"href":"https:\/\/marcoair.sk\/en\/wp-json\/wp\/v2\/pages\/12563\/revisions"}],"predecessor-version":[{"id":12641,"href":"https:\/\/marcoair.sk\/en\/wp-json\/wp\/v2\/pages\/12563\/revisions\/12641"}],"wp:attachment":[{"href":"https:\/\/marcoair.sk\/en\/wp-json\/wp\/v2\/media?parent=12563"}],"curies":[{"name":"wp","href":"https:\/\/api.w.org\/{rel}","templated":true}]}}